{"id":66,"date":"2025-01-16T05:05:33","date_gmt":"2025-01-16T05:05:33","guid":{"rendered":"https:\/\/monivexpro.com\/?page_id=66"},"modified":"2025-05-16T11:33:41","modified_gmt":"2025-05-16T11:33:41","slug":"funding","status":"publish","type":"page","link":"https:\/\/monivexpro.com\/pl\/funding\/","title":{"rendered":"Finansowanie"},"content":{"rendered":"<div data-elementor-type=\"wp-page\" data-elementor-id=\"66\" class=\"elementor elementor-66\" data-elementor-post-type=\"page\">\n\t\t\t\t\t\t<section class=\"elementor-section elementor-top-section elementor-element elementor-element-4b41639a elementor-section-boxed elementor-section-height-default elementor-section-height-default\" data-id=\"4b41639a\" data-element_type=\"section\" id=\"xs_tab_10\" data-settings=\"{&quot;background_background&quot;:&quot;classic&quot;}\">\n\t\t\t\t\t\t\t<div class=\"elementor-background-overlay\"><\/div>\n\t\t\t\t\t\t\t<div class=\"elementor-container elementor-column-gap-default\">\n\t\t\t\t\t<div class=\"elementor-column elementor-col-100 elementor-top-column elementor-element elementor-element-7964a646\" data-id=\"7964a646\" data-element_type=\"column\">\n\t\t\t<div class=\"elementor-widget-wrap elementor-element-populated\">\n\t\t\t\t\t\t<div class=\"elementor-element elementor-element-65eeaeeb elementor-widget elementor-widget-elementskit-heading\" data-id=\"65eeaeeb\" data-element_type=\"widget\" data-widget_type=\"elementskit-heading.default\">\n\t\t\t\t<div class=\"elementor-widget-container\">\n\t\t\t\t\t<div class=\"ekit-wid-con\" ><div class=\"ekit-heading elementskit-section-title-wraper center   ekit_heading_tablet-   ekit_heading_mobile-\"><h2 class=\"ekit-heading--title elementskit-section-title\">Finansowanie konta<\/h2><div class=\"ekit_heading_separetor_wraper ekit_heading_elementskit-border-divider\"><div class=\"elementskit-border-divider\"><\/div><\/div>\t\t\t\t<div class='ekit-heading__description'>\n\t\t\t\t\t<p>\u0141atwo zasilaj swoje konto za pomoc\u0105 r\u00f3\u017cnych bezpiecznych i wygodnych metod.<\/p>\n\t\t\t\t<\/div>\n\t\t\t<\/div><\/div>\t\t\t\t<\/div>\n\t\t\t\t<\/div>\n\t\t\t\t<section class=\"elementor-section elementor-inner-section elementor-element elementor-element-4dcadf8 elementor-section-boxed elementor-section-height-default elementor-section-height-default\" data-id=\"4dcadf8\" data-element_type=\"section\">\n\t\t\t\t\t\t<div class=\"elementor-container elementor-column-gap-default\">\n\t\t\t\t\t<div class=\"elementor-column elementor-col-100 elementor-inner-column elementor-element elementor-element-7985482b\" data-id=\"7985482b\" data-element_type=\"column\">\n\t\t\t<div class=\"elementor-widget-wrap elementor-element-populated\">\n\t\t\t\t\t\t<div class=\"elementor-element elementor-element-5465f230 elementor-widget elementor-widget-elementskit-simple-tab\" data-id=\"5465f230\" data-element_type=\"widget\" data-widget_type=\"elementskit-simple-tab.default\">\n\t\t\t\t<div class=\"elementor-widget-container\">\n\t\t\t\t\t<div class=\"ekit-wid-con\" >        <div class=\"elementkit-tab-wraper\">\n            <ul class=\"nav nav-tabs elementkit-tab-nav  elementskit_ribbon_style elementskit_ribbon_style elementskit-fullwidth-tab\">\n                                    <li class=\"elementkit-nav-item elementor-repeater-item-e7fb3c4\">\n                        <a class=\"elementkit-nav-link  active show left-pos\" id=\"content-e7fb3c469e3981ac434e-tab\" data-ekit-handler-id=\"deposit-methods\" data-ekit-toggle=\"tab\" data-target=\"#content-e7fb3c469e3981ac434e\" href=\"#Content-e7fb3c469e3981ac434e\"\n                            data-ekit-toggle-trigger=\"click\"\n                            aria-describedby=\"Content-e7fb3c469e3981ac434e\">\n                            <span class=\"fasicon icon-edit1 elementskit-tab-icon\"><\/span>                            <span class=\"elementskit-tab-title\"> Metody wp\u0142at<\/span>\n                        <\/a>\n                    <\/li>\n                                        <li class=\"elementkit-nav-item elementor-repeater-item-9077dfd\">\n                        <a class=\"elementkit-nav-link  left-pos\" id=\"content-9077dfd69e3981ac434e-tab\" data-ekit-handler-id=\"minimum-deposit\" data-ekit-toggle=\"tab\" data-target=\"#content-9077dfd69e3981ac434e\" href=\"#Content-9077dfd69e3981ac434e\"\n                            data-ekit-toggle-trigger=\"click\"\n                            aria-describedby=\"Content-9077dfd69e3981ac434e\">\n                            <span class=\"fasicon icon-envelope3 elementskit-tab-icon\"><\/span>                            <span class=\"elementskit-tab-title\"> Minimalny depozyt<\/span>\n                        <\/a>\n                    <\/li>\n                                        <li class=\"elementkit-nav-item elementor-repeater-item-00f52ae\">\n                        <a class=\"elementkit-nav-link  left-pos\" id=\"content-00f52ae69e3981ac434e-tab\" data-ekit-handler-id=\"how-to-deposit\" data-ekit-toggle=\"tab\" data-target=\"#content-00f52ae69e3981ac434e\" href=\"#Content-00f52ae69e3981ac434e\"\n                            data-ekit-toggle-trigger=\"click\"\n                            aria-describedby=\"Content-00f52ae69e3981ac434e\">\n                            <span class=\"fasicon icon-alarm-clock1 elementskit-tab-icon\"><\/span>                            <span class=\"elementskit-tab-title\"> Jak dokona\u0107 wp\u0142aty<\/span>\n                        <\/a>\n                    <\/li>\n                                        <li class=\"elementkit-nav-item elementor-repeater-item-ad34ed5\">\n                        <a class=\"elementkit-nav-link  left-pos\" id=\"content-ad34ed569e3981ac434e-tab\" data-ekit-handler-id=\"why-fund-your-account-\" data-ekit-toggle=\"tab\" data-target=\"#content-ad34ed569e3981ac434e\" href=\"#Content-ad34ed569e3981ac434e\"\n                            data-ekit-toggle-trigger=\"click\"\n                            aria-describedby=\"Content-ad34ed569e3981ac434e\">\n                            <span class=\"fasicon icon-planet-earth elementskit-tab-icon\"><\/span>                            <span class=\"elementskit-tab-title\"> Dlaczego warto zasili\u0107 konto?<\/span>\n                        <\/a>\n                    <\/li>\n                                <\/ul>\n\n            <div class=\"tab-content elementkit-tab-content\">\n                                    <div class=\"tab-pane elementkit-tab-pane elementor-repeater-item-e7fb3c4  active show\" id=\"content-e7fb3c469e3981ac434e\" role=\"tabpanel\"\n                         aria-labelledby=\"content-e7fb3c469e3981ac434e-tab\">\n                        <div class=\"animated fadeIn\">\n                            <h3 class=\"\" data-start=\"60\" data-end=\"83\"><strong data-start=\"64\" data-end=\"81\">Przelew bankowy<\/strong><\/h3><p class=\"\" data-start=\"84\" data-end=\"231\">Bezpiecznie przelewaj \u015brodki ze swojego konta bankowego. Czas przetwarzania mo\u017ce si\u0119 r\u00f3\u017cni\u0107 w zale\u017cno\u015bci od lokalizacji i dostawcy us\u0142ug bankowych, zazwyczaj zajmuje to kilka dni roboczych.<\/p><h3 class=\"\" data-start=\"233\" data-end=\"261\"><strong data-start=\"237\" data-end=\"259\">Karty kredytowe\/debetowe<\/strong><\/h3><p class=\"\" data-start=\"262\" data-end=\"414\">Szybko zasil swoje konto za pomoc\u0105 g\u0142\u00f3wnych kart kredytowych lub debetowych. Wi\u0119kszo\u015b\u0107 transakcji jest przetwarzana w ci\u0105gu kilku minut, umo\u017cliwiaj\u0105c natychmiastowe rozpocz\u0119cie handlu.<\/p><h3 class=\"\" data-start=\"416\" data-end=\"449\"><strong data-start=\"420\" data-end=\"447\">Depozyty kryptowalutowe<\/strong><\/h3><p class=\"\" data-start=\"450\" data-end=\"590\">U\u017cyj istniej\u0105cych zasob\u00f3w kryptowalut, aby zasili\u0107 swoje konto. Po prostu wy\u015blij \u017c\u0105dan\u0105 kwot\u0119 na sw\u00f3j unikalny adres portfela podany przy kasie.<\/p><h3 class=\"\" data-start=\"592\" data-end=\"632\"><strong data-start=\"596\" data-end=\"630\">Zewn\u0119trzne podmioty przetwarzaj\u0105ce p\u0142atno\u015bci<\/strong><\/h3><p class=\"\" data-start=\"633\" data-end=\"765\">Dokonuj szybkich i wygodnych wp\u0142at za po\u015brednictwem zaufanych dostawc\u00f3w, takich jak PayPal, Skrill i innych obs\u0142ugiwanych us\u0142ug, aby zapewni\u0107 p\u0142ynne finansowanie.<\/p>                        <\/div>\n                    <\/div>\n                                    <div class=\"tab-pane elementkit-tab-pane elementor-repeater-item-9077dfd\" id=\"content-9077dfd69e3981ac434e\" role=\"tabpanel\"\n                         aria-labelledby=\"content-9077dfd69e3981ac434e-tab\">\n                        <div class=\"animated fadeIn\">\n                            <h3 class=\"\" data-start=\"86\" data-end=\"138\"><strong data-start=\"90\" data-end=\"138\">Minimalne wymagania depozytowe wed\u0142ug typu konta<\/strong><\/h3><ul data-start=\"140\" data-end=\"521\"><li class=\"\" data-start=\"140\" data-end=\"199\"><p class=\"\" data-start=\"142\" data-end=\"199\"><strong data-start=\"142\" data-end=\"160\">Konto podstawowe:<\/strong> 250 USD lub r\u00f3wnowarto\u015b\u0107 tej kwoty w kryptowalucie<\/p><\/li><li class=\"\" data-start=\"200\" data-end=\"262\"><p class=\"\" data-start=\"202\" data-end=\"262\"><strong data-start=\"202\" data-end=\"223\">Konto standardowe:<\/strong> 500 USD lub r\u00f3wnowarto\u015b\u0107 w kryptowalucie<\/p><\/li><li class=\"\" data-start=\"263\" data-end=\"326\"><p class=\"\" data-start=\"265\" data-end=\"326\"><strong data-start=\"265\" data-end=\"285\">Konto Premium:<\/strong> 2 000 USD lub r\u00f3wnowarto\u015b\u0107 tej kwoty w kryptowalucie<\/p><\/li><li class=\"\" data-start=\"327\" data-end=\"391\"><p class=\"\" data-start=\"329\" data-end=\"391\"><strong data-start=\"329\" data-end=\"350\">Konto biznesowe:<\/strong> 5 000 USD lub r\u00f3wnowarto\u015b\u0107 tej kwoty w kryptowalucie<\/p><\/li><li class=\"\" data-start=\"392\" data-end=\"452\"><p class=\"\" data-start=\"394\" data-end=\"452\"><strong data-start=\"394\" data-end=\"410\">Konto VIP:<\/strong> 10 000 USD lub r\u00f3wnowarto\u015b\u0107 tej kwoty w kryptowalucie<\/p><\/li><li class=\"\" data-start=\"453\" data-end=\"521\"><p class=\"\" data-start=\"455\" data-end=\"521\"><strong data-start=\"455\" data-end=\"481\">Konto instytucjonalne:<\/strong> 50 000 USD lub r\u00f3wnowarto\u015b\u0107 tej kwoty w kryptowalucie<\/p><\/li><\/ul>                        <\/div>\n                    <\/div>\n                                    <div class=\"tab-pane elementkit-tab-pane elementor-repeater-item-00f52ae\" id=\"content-00f52ae69e3981ac434e\" role=\"tabpanel\"\n                         aria-labelledby=\"content-00f52ae69e3981ac434e-tab\">\n                        <div class=\"animated fadeIn\">\n                            <ul><li><ul><li class=\"\" data-start=\"29\" data-end=\"150\"><p class=\"\" data-start=\"32\" data-end=\"150\"><strong data-start=\"32\" data-end=\"58\">Zaloguj si\u0119 do swojego konta<\/strong><br data-start=\"58\" data-end=\"61\" \/>Uzyskaj dost\u0119p do swojego konta i przejd\u017a do <strong data-start=\"104\" data-end=\"123\">\u201eFundusze depozytowe\u201d<\/strong> na pulpicie nawigacyjnym.<\/p><\/li><li class=\"\" data-start=\"152\" data-end=\"325\"><p class=\"\" data-start=\"155\" data-end=\"325\"><strong data-start=\"155\" data-end=\"185\">Wybierz metod\u0119 wp\u0142aty<\/strong><br data-start=\"185\" data-end=\"188\" \/>Wybierz preferowan\u0105 opcj\u0119 p\u0142atno\u015bci, w tym przelew bankowy, kart\u0119 kredytow\u0105\/debetow\u0105, kryptowalut\u0119 lub obs\u0142ugiwane procesory zewn\u0119trzne.<\/p><\/li><li class=\"\" data-start=\"327\" data-end=\"477\"><p class=\"\" data-start=\"330\" data-end=\"477\"><strong data-start=\"330\" data-end=\"358\">Wprowad\u017a kwot\u0119 depozytu<\/strong><br data-start=\"358\" data-end=\"361\" \/>Okre\u015bl kwot\u0119, kt\u00f3r\u0105 chcesz wp\u0142aci\u0107, upewniaj\u0105c si\u0119, \u017ce spe\u0142nia ona minimalne wymagania dla wybranego typu konta.<\/p><\/li><li class=\"\" data-start=\"479\" data-end=\"664\"><p class=\"\" data-start=\"482\" data-end=\"664\"><strong data-start=\"482\" data-end=\"510\">Zako\u0144czenie transakcji<\/strong><br data-start=\"510\" data-end=\"513\" \/>Post\u0119puj zgodnie z instrukcjami wy\u015bwietlanymi na ekranie, aby sfinalizowa\u0107 wp\u0142at\u0119. W przypadku niekt\u00f3rych metod mo\u017cesz zosta\u0107 poproszony o potwierdzenie transakcji za po\u015brednictwem wiadomo\u015bci e-mail lub uwierzytelnienia.<\/p><\/li><li class=\"\" data-start=\"666\" data-end=\"843\"><p class=\"\" data-start=\"669\" data-end=\"843\"><strong data-start=\"669\" data-end=\"691\">Dost\u0119pno\u015b\u0107 funduszy<\/strong><br data-start=\"691\" data-end=\"694\" \/>\u015arodki pojawi\u0105 si\u0119 na koncie po przetworzeniu wp\u0142aty. Czas przetwarzania r\u00f3\u017cni si\u0119 w zale\u017cno\u015bci od metody - od kilku minut do kilku dni roboczych.<\/p><\/li><\/ul><\/li><\/ul>                        <\/div>\n                    <\/div>\n                                    <div class=\"tab-pane elementkit-tab-pane elementor-repeater-item-ad34ed5\" id=\"content-ad34ed569e3981ac434e\" role=\"tabpanel\"\n                         aria-labelledby=\"content-ad34ed569e3981ac434e-tab\">\n                        <div class=\"animated fadeIn\">\n                            <p class=\"\" data-start=\"130\" data-end=\"262\"><strong data-start=\"130\" data-end=\"147\">Rozpocznij handel<\/strong><br data-start=\"147\" data-end=\"150\" \/>Odblokuj pe\u0142ny dost\u0119p do naszej szerokiej gamy funkcji handlowych i kryptowalut, gdy tylko Tw\u00f3j rachunek zostanie zasilony.<\/p><p class=\"\" data-start=\"264\" data-end=\"427\"><strong data-start=\"264\" data-end=\"286\">Zabezpiecz swoje aktywa<\/strong><br data-start=\"286\" data-end=\"289\" \/>Chro\u0144 swoje \u015brodki dzi\u0119ki naszemu zaawansowanemu szyfrowaniu i wiod\u0105cym w bran\u017cy protoko\u0142om bezpiecze\u0144stwa, zapewniaj\u0105c bezpiecze\u0144stwo swoich aktyw\u00f3w na naszej platformie.<\/p><p class=\"\" data-start=\"429\" data-end=\"630\"><strong data-start=\"429\" data-end=\"465\">Poznaj mo\u017cliwo\u015bci inwestycyjne<\/strong><br data-start=\"465\" data-end=\"468\" \/>Skorzystaj z r\u00f3\u017cnych opcji inwestycyjnych, w tym handlu spot, stakingu i innych us\u0142ug zaprojektowanych, aby pom\u00f3c Ci skutecznie rozwija\u0107 i zarz\u0105dza\u0107 swoim portfelem.<\/p>                        <\/div>\n                    <\/div>\n                                \n            <\/div>\n                    <\/div>\n    <\/div>\t\t\t\t<\/div>\n\t\t\t\t<\/div>\n\t\t\t\t\t<\/div>\n\t\t<\/div>\n\t\t\t\t\t<\/div>\n\t\t<\/section>\n\t\t\t\t\t<\/div>\n\t\t<\/div>\n\t\t\t\t\t<\/div>\n\t\t<\/section>\n\t\t\t\t<\/div>","protected":false},"excerpt":{"rendered":"<p>Funding Your Account Easily fund your account using a variety of secure and convenient methods. Deposit Methods Minimum Deposit How to Deposit Why Fund Your Account? Bank Transfer Securely transfer funds from your bank account. Processing times may vary by location and banking provider, typically taking a few business days. Credit\/Debit Cards Quickly fund your account using major credit or [&hellip;]<\/p>","protected":false},"author":2,"featured_media":0,"parent":0,"menu_order":0,"comment_status":"closed","ping_status":"closed","template":"elementor_header_footer","meta":{"footnotes":""},"class_list":["post-66","page","type-page","status-publish","hentry"],"_links":{"self":[{"href":"https:\/\/monivexpro.com\/pl\/wp-json\/wp\/v2\/pages\/66","targetHints":{"allow":["GET"]}}],"collection":[{"href":"https:\/\/monivexpro.com\/pl\/wp-json\/wp\/v2\/pages"}],"about":[{"href":"https:\/\/monivexpro.com\/pl\/wp-json\/wp\/v2\/types\/page"}],"author":[{"embeddable":true,"href":"https:\/\/monivexpro.com\/pl\/wp-json\/wp\/v2\/users\/2"}],"replies":[{"embeddable":true,"href":"https:\/\/monivexpro.com\/pl\/wp-json\/wp\/v2\/comments?post=66"}],"version-history":[{"count":13,"href":"https:\/\/monivexpro.com\/pl\/wp-json\/wp\/v2\/pages\/66\/revisions"}],"predecessor-version":[{"id":395,"href":"https:\/\/monivexpro.com\/pl\/wp-json\/wp\/v2\/pages\/66\/revisions\/395"}],"wp:attachment":[{"href":"https:\/\/monivexpro.com\/pl\/wp-json\/wp\/v2\/media?parent=66"}],"curies":[{"name":"wp","href":"https:\/\/api.w.org\/{rel}","templated":true}]}}