{"id":64,"date":"2025-01-16T05:03:26","date_gmt":"2025-01-16T05:03:26","guid":{"rendered":"https:\/\/monivexpro.com\/?page_id=64"},"modified":"2025-05-16T11:36:56","modified_gmt":"2025-05-16T11:36:56","slug":"account-types","status":"publish","type":"page","link":"https:\/\/monivexpro.com\/pl\/account-types\/","title":{"rendered":"Typy kont"},"content":{"rendered":"<div data-elementor-type=\"wp-page\" data-elementor-id=\"64\" class=\"elementor elementor-64\" data-elementor-post-type=\"page\">\n\t\t\t\t<div class=\"elementor-element elementor-element-7acc78a8 e-grid e-con-boxed e-con e-parent\" data-id=\"7acc78a8\" data-element_type=\"container\" id=\"xs_tab_6\" data-settings=\"{&quot;background_background&quot;:&quot;classic&quot;}\">\n\t\t\t\t\t<div class=\"e-con-inner\">\n\t\t\t\t<div class=\"elementor-element elementor-element-1722df2d elementor-widget elementor-widget-elementskit-heading\" data-id=\"1722df2d\" data-element_type=\"widget\" data-widget_type=\"elementskit-heading.default\">\n\t\t\t\t<div class=\"elementor-widget-container\">\n\t\t\t\t\t<div class=\"ekit-wid-con\" ><div class=\"ekit-heading elementskit-section-title-wraper text_left   ekit_heading_tablet-   ekit_heading_mobile-\"><h2 class=\"ekit-heading--title elementskit-section-title\">Typy kont<\/h2><div class=\"ekit_heading_separetor_wraper ekit_heading_elementskit-border-divider\"><div class=\"elementskit-border-divider\"><\/div><\/div>\t\t\t\t<div class='ekit-heading__description'>\n\t\t\t\t\t<p>Zapoznaj si\u0119 z nasz\u0105 ofert\u0105 typ\u00f3w kont, zaprojektowanych z my\u015bl\u0105 o wszystkich poziomach do\u015bwiadczenia - od pocz\u0105tkuj\u0105cych i aktywnych trader\u00f3w po firmy i inwestor\u00f3w instytucjonalnych. Ka\u017cde konto zapewnia r\u00f3\u017cne korzy\u015bci, zaawansowane funkcje i ulepszone \u015brodki bezpiecze\u0144stwa, zapewniaj\u0105c narz\u0119dzia i ochron\u0119 potrzebne do zarz\u0105dzania i rozwijania portfela kryptowalut z pewno\u015bci\u0105.<\/p>\n\t\t\t\t<\/div>\n\t\t\t<\/div><\/div>\t\t\t\t<\/div>\n\t\t\t\t<\/div>\n\t\t\t\t<div class=\"elementor-element elementor-element-d5cdc14 elementor-widget elementor-widget-elementskit-simple-tab\" data-id=\"d5cdc14\" data-element_type=\"widget\" data-widget_type=\"elementskit-simple-tab.default\">\n\t\t\t\t<div class=\"elementor-widget-container\">\n\t\t\t\t\t<div class=\"ekit-wid-con\" >        <div class=\"elementkit-tab-wraper vertical  elementskit-fitcontent-tab\">\n            <ul class=\"nav nav-tabs elementkit-tab-nav  elementskit_pregress_style elementskit_pregress_style tab-nav-fluid\">\n                                    <li class=\"elementkit-nav-item elementor-repeater-item-e7fb3c4\">\n                        <a class=\"elementkit-nav-link  active show left-pos\" id=\"content-e7fb3c469e39819cebbe-tab\" data-ekit-handler-id=\"basic-account\" data-ekit-toggle=\"tab\" data-target=\"#content-e7fb3c469e39819cebbe\" href=\"#Content-e7fb3c469e39819cebbe\"\n                            data-ekit-toggle-trigger=\"click\"\n                            aria-describedby=\"Content-e7fb3c469e39819cebbe\">\n                            <span class=\"icon icon-voucher-3 elementskit-tab-icon\"><\/span>                            <span class=\"elementskit-tab-title\"> Konto podstawowe<\/span>\n                        <\/a>\n                    <\/li>\n                                        <li class=\"elementkit-nav-item elementor-repeater-item-9077dfd\">\n                        <a class=\"elementkit-nav-link  left-pos\" id=\"content-9077dfd69e39819cebbe-tab\" data-ekit-handler-id=\"standard-account\" data-ekit-toggle=\"tab\" data-target=\"#content-9077dfd69e39819cebbe\" href=\"#Content-9077dfd69e39819cebbe\"\n                            data-ekit-toggle-trigger=\"click\"\n                            aria-describedby=\"Content-9077dfd69e39819cebbe\">\n                            <span class=\"icon icon-wallet1 elementskit-tab-icon\"><\/span>                            <span class=\"elementskit-tab-title\"> Konto standardowe<\/span>\n                        <\/a>\n                    <\/li>\n                                        <li class=\"elementkit-nav-item elementor-repeater-item-00f52ae\">\n                        <a class=\"elementkit-nav-link  left-pos\" id=\"content-00f52ae69e39819cebbe-tab\" data-ekit-handler-id=\"premium-account\" data-ekit-toggle=\"tab\" data-target=\"#content-00f52ae69e39819cebbe\" href=\"#Content-00f52ae69e39819cebbe\"\n                            data-ekit-toggle-trigger=\"click\"\n                            aria-describedby=\"Content-00f52ae69e39819cebbe\">\n                            <span class=\"icon icon-trolley elementskit-tab-icon\"><\/span>                            <span class=\"elementskit-tab-title\"> Konto Premium<\/span>\n                        <\/a>\n                    <\/li>\n                                        <li class=\"elementkit-nav-item elementor-repeater-item-519348b\">\n                        <a class=\"elementkit-nav-link  left-pos\" id=\"content-519348b69e39819cebbe-tab\" data-ekit-handler-id=\"business-account\" data-ekit-toggle=\"tab\" data-target=\"#content-519348b69e39819cebbe\" href=\"#Content-519348b69e39819cebbe\"\n                            data-ekit-toggle-trigger=\"click\"\n                            aria-describedby=\"Content-519348b69e39819cebbe\">\n                            <span class=\"icon icon-wifi elementskit-tab-icon\"><\/span>                            <span class=\"elementskit-tab-title\"> Konto biznesowe<\/span>\n                        <\/a>\n                    <\/li>\n                                        <li class=\"elementkit-nav-item elementor-repeater-item-4486ed6\">\n                        <a class=\"elementkit-nav-link  left-pos\" id=\"content-4486ed669e39819cebbe-tab\" data-ekit-handler-id=\"vip-account\" data-ekit-toggle=\"tab\" data-target=\"#content-4486ed669e39819cebbe\" href=\"#Content-4486ed669e39819cebbe\"\n                            data-ekit-toggle-trigger=\"click\"\n                            aria-describedby=\"Content-4486ed669e39819cebbe\">\n                            <span class=\"icon icon-pencil_art elementskit-tab-icon\"><\/span>                            <span class=\"elementskit-tab-title\"> Konto VIP<\/span>\n                        <\/a>\n                    <\/li>\n                                        <li class=\"elementkit-nav-item elementor-repeater-item-b512678\">\n                        <a class=\"elementkit-nav-link  left-pos\" id=\"content-b51267869e39819cebbe-tab\" data-ekit-handler-id=\"institutional-account\" data-ekit-toggle=\"tab\" data-target=\"#content-b51267869e39819cebbe\" href=\"#Content-b51267869e39819cebbe\"\n                            data-ekit-toggle-trigger=\"click\"\n                            aria-describedby=\"Content-b51267869e39819cebbe\">\n                            <span class=\"icon icon-star elementskit-tab-icon\"><\/span>                            <span class=\"elementskit-tab-title\"> Konto instytucjonalne<\/span>\n                        <\/a>\n                    <\/li>\n                                <\/ul>\n\n            <div class=\"tab-content elementkit-tab-content\">\n                                    <div class=\"tab-pane elementkit-tab-pane elementor-repeater-item-e7fb3c4  active show\" id=\"content-e7fb3c469e39819cebbe\" role=\"tabpanel\"\n                         aria-labelledby=\"content-e7fb3c469e39819cebbe-tab\">\n                        <div class=\"animated fadeIn\">\n                            <p class=\"\" data-start=\"113\" data-end=\"128\"><strong data-start=\"113\" data-end=\"126\">Korzy\u015bci:<\/strong><\/p><ul data-start=\"129\" data-end=\"378\"><li class=\"\" data-start=\"129\" data-end=\"199\"><p class=\"\" data-start=\"131\" data-end=\"199\">Idealny dla pocz\u0105tkuj\u0105cych lub zwyk\u0142ych u\u017cytkownik\u00f3w, kt\u00f3rzy dopiero zaczynaj\u0105 handlowa\u0107 kryptowalutami.<\/p><\/li><li class=\"\" data-start=\"200\" data-end=\"291\"><p class=\"\" data-start=\"202\" data-end=\"291\">Zapewnia dost\u0119p do podstawowych funkcji, takich jak kupowanie, sprzedawanie i przechowywanie zasob\u00f3w cyfrowych.<\/p><\/li><li class=\"\" data-start=\"292\" data-end=\"378\"><p class=\"\" data-start=\"294\" data-end=\"378\">Uproszczony interfejs z ograniczonymi funkcjami dla \u0142atwego i przyjaznego dla u\u017cytkownika do\u015bwiadczenia.<\/p><\/li><\/ul><p class=\"\" data-start=\"380\" data-end=\"402\"><strong data-start=\"380\" data-end=\"400\">Minimalny depozyt:<\/strong><\/p><ul data-start=\"403\" data-end=\"446\"><li class=\"\" data-start=\"403\" data-end=\"446\"><p class=\"\" data-start=\"405\" data-end=\"446\"><strong data-start=\"405\" data-end=\"412\">$50<\/strong> (lub r\u00f3wnowarto\u015b\u0107 w kryptowalucie)<\/p><\/li><\/ul><p class=\"\" data-start=\"448\" data-end=\"467\"><strong data-start=\"448\" data-end=\"465\">Kluczowe cechy:<\/strong><\/p><ul data-start=\"468\" data-end=\"642\"><li class=\"\" data-start=\"468\" data-end=\"517\"><p class=\"\" data-start=\"470\" data-end=\"517\">Dost\u0119p do wybranych kryptowalut.<\/p><\/li><li class=\"\" data-start=\"518\" data-end=\"585\"><p class=\"\" data-start=\"520\" data-end=\"585\">Podstawowe narz\u0119dzia transakcyjne do prostego kupowania i sprzedawania.<\/p><\/li><li class=\"\" data-start=\"586\" data-end=\"642\"><p class=\"\" data-start=\"588\" data-end=\"642\">Niskie limity wyp\u0142at, odpowiednie dla pocz\u0105tkuj\u0105cych u\u017cytkownik\u00f3w.<\/p><\/li><\/ul>                        <\/div>\n                    <\/div>\n                                    <div class=\"tab-pane elementkit-tab-pane elementor-repeater-item-9077dfd\" id=\"content-9077dfd69e39819cebbe\" role=\"tabpanel\"\n                         aria-labelledby=\"content-9077dfd69e39819cebbe-tab\">\n                        <div class=\"animated fadeIn\">\n                            <p class=\"\" data-start=\"126\" data-end=\"141\"><strong data-start=\"126\" data-end=\"139\">Korzy\u015bci:<\/strong><\/p><ul data-start=\"142\" data-end=\"415\"><li class=\"\" data-start=\"142\" data-end=\"247\"><p class=\"\" data-start=\"144\" data-end=\"247\">Idealny dla regularnych trader\u00f3w lub os\u00f3b zainteresowanych dost\u0119pem do szerszego wyboru kryptowalut.<\/p><\/li><li class=\"\" data-start=\"248\" data-end=\"307\"><p class=\"\" data-start=\"250\" data-end=\"307\">Wy\u017csze limity wyp\u0142at w por\u00f3wnaniu do konta podstawowego.<\/p><\/li><li class=\"\" data-start=\"308\" data-end=\"415\"><p class=\"\" data-start=\"310\" data-end=\"415\">Dost\u0119p do zaawansowanych narz\u0119dzi do tworzenia wykres\u00f3w i profesjonalnych analiz rynkowych w celu wspierania \u015bwiadomych decyzji handlowych.<\/p><\/li><\/ul><p class=\"\" data-start=\"417\" data-end=\"439\"><strong data-start=\"417\" data-end=\"437\">Minimalny depozyt:<\/strong><\/p><ul data-start=\"440\" data-end=\"484\"><li class=\"\" data-start=\"440\" data-end=\"484\"><p class=\"\" data-start=\"442\" data-end=\"484\"><strong data-start=\"442\" data-end=\"450\">$500<\/strong> (lub r\u00f3wnowarto\u015b\u0107 w kryptowalucie)<\/p><\/li><\/ul><p class=\"\" data-start=\"486\" data-end=\"505\"><strong data-start=\"486\" data-end=\"503\">Kluczowe cechy:<\/strong><\/p><ul data-start=\"506\" data-end=\"716\"><li class=\"\" data-start=\"506\" data-end=\"552\"><p class=\"\" data-start=\"508\" data-end=\"552\">Handluj szersz\u0105 gam\u0105 kryptowalut.<\/p><\/li><li class=\"\" data-start=\"553\" data-end=\"606\"><p class=\"\" data-start=\"555\" data-end=\"606\">Priorytetowa obs\u0142uga klienta zapewniaj\u0105ca szybsz\u0105 pomoc.<\/p><\/li><li class=\"\" data-start=\"607\" data-end=\"654\"><p class=\"\" data-start=\"609\" data-end=\"654\">Otrzymuj comiesi\u0119czne raporty rynkowe i aktualizacje.<\/p><\/li><li class=\"\" data-start=\"655\" data-end=\"716\"><p class=\"\" data-start=\"657\" data-end=\"716\">Dost\u0119p do standardowych narz\u0119dzi handlowych i zasob\u00f3w edukacyjnych.<\/p><\/li><\/ul>                        <\/div>\n                    <\/div>\n                                    <div class=\"tab-pane elementkit-tab-pane elementor-repeater-item-00f52ae\" id=\"content-00f52ae69e39819cebbe\" role=\"tabpanel\"\n                         aria-labelledby=\"content-00f52ae69e39819cebbe-tab\">\n                        <div class=\"animated fadeIn\">\n                            <p class=\"\" data-start=\"118\" data-end=\"133\"><strong data-start=\"118\" data-end=\"131\">Korzy\u015bci:<\/strong><\/p><ul data-start=\"134\" data-end=\"378\"><li class=\"\" data-start=\"134\" data-end=\"215\"><p class=\"\" data-start=\"136\" data-end=\"215\">Idealny dla aktywnych trader\u00f3w poszukuj\u0105cych zaawansowanych funkcji i wy\u017cszych limit\u00f3w konta.<\/p><\/li><li class=\"\" data-start=\"216\" data-end=\"284\"><p class=\"\" data-start=\"218\" data-end=\"284\">Obejmuje priorytetowe wsparcie i dost\u0119p do eksperckich analiz handlowych.<\/p><\/li><li class=\"\" data-start=\"285\" data-end=\"378\"><p class=\"\" data-start=\"287\" data-end=\"378\">Zwi\u0119kszone bezpiecze\u0144stwo dzi\u0119ki zaawansowanemu uwierzytelnianiu dwusk\u0142adnikowemu (2FA) i rozwi\u0105zaniom typu cold storage.<\/p><\/li><\/ul><p class=\"\" data-start=\"380\" data-end=\"402\"><strong data-start=\"380\" data-end=\"400\">Minimalny depozyt:<\/strong><\/p><ul data-start=\"403\" data-end=\"449\"><li class=\"\" data-start=\"403\" data-end=\"449\"><p class=\"\" data-start=\"405\" data-end=\"449\"><strong data-start=\"405\" data-end=\"415\">$2,000<\/strong> (lub r\u00f3wnowarto\u015b\u0107 w kryptowalucie)<\/p><\/li><\/ul><p class=\"\" data-start=\"451\" data-end=\"470\"><strong data-start=\"451\" data-end=\"468\">Kluczowe cechy:<\/strong><\/p><ul data-start=\"471\" data-end=\"796\"><li class=\"\" data-start=\"471\" data-end=\"549\"><p class=\"\" data-start=\"473\" data-end=\"549\">Dost\u0119p do ekskluzywnych monet i token\u00f3w niedost\u0119pnych na kontach ni\u017cszego poziomu.<\/p><\/li><li class=\"\" data-start=\"550\" data-end=\"618\"><p class=\"\" data-start=\"552\" data-end=\"618\">Zwi\u0119kszone limity wyp\u0142at i wp\u0142at dla wi\u0119kszej elastyczno\u015bci.<\/p><\/li><li class=\"\" data-start=\"619\" data-end=\"681\"><p class=\"\" data-start=\"621\" data-end=\"681\">Zaawansowana analiza rynku i profesjonalne narz\u0119dzia do tworzenia wykres\u00f3w.<\/p><\/li><li class=\"\" data-start=\"682\" data-end=\"742\"><p class=\"\" data-start=\"684\" data-end=\"742\">Obni\u017cone op\u0142aty transakcyjne w celu maksymalizacji wydajno\u015bci handlu.<\/p><\/li><li class=\"\" data-start=\"743\" data-end=\"796\"><p class=\"\" data-start=\"745\" data-end=\"796\">Dedykowany opiekun klienta zapewniaj\u0105cy spersonalizowane wsparcie.<\/p><\/li><\/ul>                        <\/div>\n                    <\/div>\n                                    <div class=\"tab-pane elementkit-tab-pane elementor-repeater-item-519348b\" id=\"content-519348b69e39819cebbe\" role=\"tabpanel\"\n                         aria-labelledby=\"content-519348b69e39819cebbe-tab\">\n                        <div class=\"animated fadeIn\">\n                            <p class=\"\" data-start=\"127\" data-end=\"142\"><strong data-start=\"127\" data-end=\"140\">Korzy\u015bci:<\/strong><\/p><ul data-start=\"143\" data-end=\"392\"><li class=\"\" data-start=\"143\" data-end=\"237\"><p class=\"\" data-start=\"145\" data-end=\"237\">Zaprojektowany specjalnie dla firm akceptuj\u0105cych p\u0142atno\u015bci kryptograficzne lub zarz\u0105dzaj\u0105cych zasobami cyfrowymi.<\/p><\/li><li class=\"\" data-start=\"238\" data-end=\"315\"><p class=\"\" data-start=\"240\" data-end=\"315\">Wysoki poziom bezpiecze\u0144stwa i dostosowane funkcje wspieraj\u0105ce operacje biznesowe.<\/p><\/li><li class=\"\" data-start=\"316\" data-end=\"392\"><p class=\"\" data-start=\"318\" data-end=\"392\">Dost\u0119p dla wielu u\u017cytkownik\u00f3w u\u0142atwiaj\u0105cy wsp\u00f3\u0142prac\u0119 zespo\u0142ow\u0105 i zarz\u0105dzanie kontami.<\/p><\/li><\/ul><p class=\"\" data-start=\"394\" data-end=\"416\"><strong data-start=\"394\" data-end=\"414\">Minimalny depozyt:<\/strong><\/p><ul data-start=\"417\" data-end=\"463\"><li class=\"\" data-start=\"417\" data-end=\"463\"><p class=\"\" data-start=\"419\" data-end=\"463\"><strong data-start=\"419\" data-end=\"429\">$5,000<\/strong> (lub r\u00f3wnowarto\u015b\u0107 w kryptowalucie)<\/p><\/li><\/ul><p class=\"\" data-start=\"465\" data-end=\"484\"><strong data-start=\"465\" data-end=\"482\">Kluczowe cechy:<\/strong><\/p><ul data-start=\"485\" data-end=\"827\"><li class=\"\" data-start=\"485\" data-end=\"566\"><p class=\"\" data-start=\"487\" data-end=\"566\">Narz\u0119dzia biznesowe do p\u0142atno\u015bci kryptograficznych, fakturowania i us\u0142ug handlowych.<\/p><\/li><li class=\"\" data-start=\"567\" data-end=\"637\"><p class=\"\" data-start=\"569\" data-end=\"637\">Zarz\u0105dzanie kontami wielu u\u017cytkownik\u00f3w z konfigurowalnymi poziomami uprawnie\u0144.<\/p><\/li><li class=\"\" data-start=\"638\" data-end=\"696\"><p class=\"\" data-start=\"640\" data-end=\"696\">Priorytetowa obs\u0142uga klienta z wyd\u0142u\u017conymi godzinami wsparcia.<\/p><\/li><li class=\"\" data-start=\"697\" data-end=\"774\"><p class=\"\" data-start=\"699\" data-end=\"774\">Mo\u017cliwo\u015b\u0107 zarz\u0105dzania wieloma portfelami dla r\u00f3\u017cnych dzia\u0142\u00f3w lub cel\u00f3w.<\/p><\/li><li class=\"\" data-start=\"775\" data-end=\"827\"><p class=\"\" data-start=\"777\" data-end=\"827\">Regularne raporty biznesowe i wgl\u0105d w wyniki.<\/p><\/li><\/ul>                        <\/div>\n                    <\/div>\n                                    <div class=\"tab-pane elementkit-tab-pane elementor-repeater-item-4486ed6\" id=\"content-4486ed669e39819cebbe\" role=\"tabpanel\"\n                         aria-labelledby=\"content-4486ed669e39819cebbe-tab\">\n                        <div class=\"animated fadeIn\">\n                            <p class=\"\" data-start=\"21\" data-end=\"36\"><strong data-start=\"21\" data-end=\"34\">Korzy\u015bci:<\/strong><\/p><ul data-start=\"37\" data-end=\"302\"><li class=\"\" data-start=\"37\" data-end=\"121\"><p class=\"\" data-start=\"39\" data-end=\"121\">Zarezerwowany dla trader\u00f3w o du\u017cym wolumenie i powa\u017cnych inwestor\u00f3w poszukuj\u0105cych us\u0142ug premium.<\/p><\/li><li class=\"\" data-start=\"122\" data-end=\"214\"><p class=\"\" data-start=\"124\" data-end=\"214\">Ciesz si\u0119 ekskluzywnymi warunkami handlowymi z najni\u017cszymi dost\u0119pnymi op\u0142atami i priorytetowymi us\u0142ugami.<\/p><\/li><li class=\"\" data-start=\"215\" data-end=\"302\"><p class=\"\" data-start=\"217\" data-end=\"302\">Otrzymuj zaproszenia na prywatne wydarzenia, webinaria i ekskluzywne dyskusje spo\u0142eczno\u015bci.<\/p><\/li><\/ul><p class=\"\" data-start=\"304\" data-end=\"326\"><strong data-start=\"304\" data-end=\"324\">Minimalny depozyt:<\/strong><\/p><ul data-start=\"327\" data-end=\"374\"><li class=\"\" data-start=\"327\" data-end=\"374\"><p class=\"\" data-start=\"329\" data-end=\"374\"><strong data-start=\"329\" data-end=\"340\">$10,000<\/strong> (lub r\u00f3wnowarto\u015b\u0107 w kryptowalucie)<\/p><\/li><\/ul><p class=\"\" data-start=\"376\" data-end=\"395\"><strong data-start=\"376\" data-end=\"393\">Kluczowe cechy:<\/strong><\/p><ul data-start=\"396\" data-end=\"715\"><li class=\"\" data-start=\"396\" data-end=\"447\"><p class=\"\" data-start=\"398\" data-end=\"447\">Dost\u0119p do najni\u017cszych mo\u017cliwych op\u0142at transakcyjnych.<\/p><\/li><li class=\"\" data-start=\"448\" data-end=\"519\"><p class=\"\" data-start=\"450\" data-end=\"519\">Wczesny dost\u0119p do nowych monet i token\u00f3w przed ich publiczn\u0105 premier\u0105.<\/p><\/li><li class=\"\" data-start=\"520\" data-end=\"597\"><p class=\"\" data-start=\"522\" data-end=\"597\">Spersonalizowane strategie handlowe i spostrze\u017cenia analityk\u00f3w rynkowych.<\/p><\/li><li class=\"\" data-start=\"598\" data-end=\"658\"><p class=\"\" data-start=\"600\" data-end=\"658\">Szybkie przetwarzanie wszystkich wyp\u0142at i przelew\u00f3w.<\/p><\/li><li class=\"\" data-start=\"659\" data-end=\"715\"><p class=\"\" data-start=\"661\" data-end=\"715\">Dedykowane zarz\u0105dzanie kontem 24\/7 i wsparcie premium.<\/p><\/li><\/ul>                        <\/div>\n                    <\/div>\n                                    <div class=\"tab-pane elementkit-tab-pane elementor-repeater-item-b512678\" id=\"content-b51267869e39819cebbe\" role=\"tabpanel\"\n                         aria-labelledby=\"content-b51267869e39819cebbe-tab\">\n                        <div class=\"animated fadeIn\">\n                            <p class=\"\" data-start=\"125\" data-end=\"140\"><strong data-start=\"125\" data-end=\"138\">Korzy\u015bci:<\/strong><\/p><ul data-start=\"141\" data-end=\"413\"><li class=\"\" data-start=\"141\" data-end=\"220\"><p class=\"\" data-start=\"143\" data-end=\"220\">Dostosowane do potrzeb funduszy hedgingowych, du\u017cych inwestor\u00f3w i klient\u00f3w instytucjonalnych.<\/p><\/li><li class=\"\" data-start=\"221\" data-end=\"322\"><p class=\"\" data-start=\"223\" data-end=\"322\">Kompleksowe us\u0142ugi zaprojektowane do obs\u0142ugi transakcji o du\u017cym wolumenie i z\u0142o\u017conych strategii inwestycyjnych.<\/p><\/li><li class=\"\" data-start=\"323\" data-end=\"413\"><p class=\"\" data-start=\"325\" data-end=\"413\">Obs\u0142uga klienta w bia\u0142ych r\u0119kawiczkach z dedykowanym zarz\u0105dzaniem kontem i niestandardowymi rozwi\u0105zaniami.<\/p><\/li><\/ul><p class=\"\" data-start=\"415\" data-end=\"437\"><strong data-start=\"415\" data-end=\"435\">Minimalny depozyt:<\/strong><\/p><ul data-start=\"438\" data-end=\"485\"><li class=\"\" data-start=\"438\" data-end=\"485\"><p class=\"\" data-start=\"440\" data-end=\"485\"><strong data-start=\"440\" data-end=\"451\">$50,000<\/strong> (lub r\u00f3wnowarto\u015b\u0107 w kryptowalucie)<\/p><\/li><\/ul><p class=\"\" data-start=\"487\" data-end=\"506\"><strong data-start=\"487\" data-end=\"504\">Kluczowe cechy:<\/strong><\/p><ul data-start=\"507\" data-end=\"927\"><li class=\"\" data-start=\"507\" data-end=\"578\"><p class=\"\" data-start=\"509\" data-end=\"578\">Konfigurowalny dost\u0119p do API dla p\u0142ynnej integracji automatycznego handlu.<\/p><\/li><li class=\"\" data-start=\"579\" data-end=\"650\"><p class=\"\" data-start=\"581\" data-end=\"650\">Opcje p\u0142ynno\u015bci premium do wydajnej obs\u0142ugi du\u017cych transakcji.<\/p><\/li><li class=\"\" data-start=\"651\" data-end=\"733\"><p class=\"\" data-start=\"653\" data-end=\"733\">Dost\u0119p do bada\u0144 na poziomie instytucjonalnym, szczeg\u00f3\u0142owych raport\u00f3w i analiz rynkowych.<\/p><\/li><li class=\"\" data-start=\"734\" data-end=\"798\"><p class=\"\" data-start=\"736\" data-end=\"798\">Zaawansowane narz\u0119dzia zarz\u0105dzania portfelem do strategicznego nadzoru.<\/p><\/li><li class=\"\" data-start=\"799\" data-end=\"860\"><p class=\"\" data-start=\"801\" data-end=\"860\">Ekskluzywne partnerstwo z najlepszymi dostawcami p\u0142ynno\u015bci.<\/p><\/li><li class=\"\" data-start=\"861\" data-end=\"927\"><p class=\"\" data-start=\"863\" data-end=\"927\">Pe\u0142na zgodno\u015b\u0107 z przepisami i dedykowane us\u0142ugi wsparcia audytowego.<\/p><\/li><\/ul>                        <\/div>\n                    <\/div>\n                                \n            <\/div>\n                    <\/div>\n    <\/div>\t\t\t\t<\/div>\n\t\t\t\t<\/div>\n\t\t\t\t\t<\/div>\n\t\t\t\t<\/div>\n\t\t\t\t<\/div>","protected":false},"excerpt":{"rendered":"<p>Account Types Explore our selection of account types, designed to suit all levels of experience \u2014 from beginners and active traders to businesses and institutional investors. Each account provides distinct benefits, advanced features, and enhanced security measures, ensuring you have the tools and protection needed to manage and grow your cryptocurrency portfolio with confidence. Basic Account Standard Account Premium Account [&hellip;]<\/p>","protected":false},"author":2,"featured_media":0,"parent":0,"menu_order":0,"comment_status":"closed","ping_status":"closed","template":"elementor_header_footer","meta":{"footnotes":""},"class_list":["post-64","page","type-page","status-publish","hentry"],"_links":{"self":[{"href":"https:\/\/monivexpro.com\/pl\/wp-json\/wp\/v2\/pages\/64","targetHints":{"allow":["GET"]}}],"collection":[{"href":"https:\/\/monivexpro.com\/pl\/wp-json\/wp\/v2\/pages"}],"about":[{"href":"https:\/\/monivexpro.com\/pl\/wp-json\/wp\/v2\/types\/page"}],"author":[{"embeddable":true,"href":"https:\/\/monivexpro.com\/pl\/wp-json\/wp\/v2\/users\/2"}],"replies":[{"embeddable":true,"href":"https:\/\/monivexpro.com\/pl\/wp-json\/wp\/v2\/comments?post=64"}],"version-history":[{"count":10,"href":"https:\/\/monivexpro.com\/pl\/wp-json\/wp\/v2\/pages\/64\/revisions"}],"predecessor-version":[{"id":398,"href":"https:\/\/monivexpro.com\/pl\/wp-json\/wp\/v2\/pages\/64\/revisions\/398"}],"wp:attachment":[{"href":"https:\/\/monivexpro.com\/pl\/wp-json\/wp\/v2\/media?parent=64"}],"curies":[{"name":"wp","href":"https:\/\/api.w.org\/{rel}","templated":true}]}}