{"id":54,"date":"2024-12-08T06:40:27","date_gmt":"2024-12-08T06:40:27","guid":{"rendered":"https:\/\/demo.bosathemes.com\/bosa\/crypto\/?page_id=921"},"modified":"2025-05-16T11:31:27","modified_gmt":"2025-05-16T11:31:27","slug":"about-us","status":"publish","type":"page","link":"https:\/\/monivexpro.com\/pl\/about-us\/","title":{"rendered":"O nas"},"content":{"rendered":"<div data-elementor-type=\"wp-page\" data-elementor-id=\"54\" class=\"elementor elementor-54\" data-elementor-post-type=\"page\">\n\t\t\t\t<div class=\"elementor-element elementor-element-2be5720 e-flex e-con-boxed e-con e-parent\" data-id=\"2be5720\" data-element_type=\"container\" data-settings=\"{&quot;background_background&quot;:&quot;classic&quot;}\">\n\t\t\t\t\t<div class=\"e-con-inner\">\n\t\t<div class=\"elementor-element elementor-element-0fad8f6 e-con-full e-flex e-con e-child\" data-id=\"0fad8f6\" data-element_type=\"container\">\n\t\t\t\t<div class=\"elementor-element elementor-element-7b661f9 elementor-widget elementor-widget-elementskit-heading\" data-id=\"7b661f9\" data-element_type=\"widget\" data-widget_type=\"elementskit-heading.default\">\n\t\t\t\t<div class=\"elementor-widget-container\">\n\t\t\t\t\t<div class=\"ekit-wid-con\" ><div class=\"ekit-heading elementskit-section-title-wraper text_center   ekit_heading_tablet-   ekit_heading_mobile-\"><h2 class=\"ekit-heading--title elementskit-section-title\"><span><span>O<\/span><\/span> Nas<\/h2><\/div><\/div>\t\t\t\t<\/div>\n\t\t\t\t<\/div>\n\t\t\t\t<\/div>\n\t\t\t\t\t<\/div>\n\t\t\t\t<\/div>\n\t\t<div class=\"elementor-element elementor-element-102fd37 e-flex e-con-boxed e-con e-parent\" data-id=\"102fd37\" data-element_type=\"container\" data-settings=\"{&quot;background_background&quot;:&quot;classic&quot;}\">\n\t\t\t\t\t<div class=\"e-con-inner\">\n\t\t<div class=\"elementor-element elementor-element-ebfa795 e-con-full e-flex e-con e-child\" data-id=\"ebfa795\" data-element_type=\"container\">\n\t\t<div class=\"elementor-element elementor-element-988193c e-con-full e-flex e-con e-child\" data-id=\"988193c\" data-element_type=\"container\">\n\t\t\t\t<div class=\"elementor-element elementor-element-f639bd6 elementor-tablet-align-center elementor-icon-list--layout-traditional elementor-list-item-link-full_width elementor-widget elementor-widget-icon-list\" data-id=\"f639bd6\" data-element_type=\"widget\" data-widget_type=\"icon-list.default\">\n\t\t\t\t<div class=\"elementor-widget-container\">\n\t\t\t\t\t\t\t<ul class=\"elementor-icon-list-items\">\n\t\t\t\t\t\t\t<li class=\"elementor-icon-list-item\">\n\t\t\t\t\t\t\t\t\t\t\t<span class=\"elementor-icon-list-icon\">\n\t\t\t\t\t\t\t<i aria-hidden=\"true\" class=\"icon icon-tags\"><\/i>\t\t\t\t\t\t<\/span>\n\t\t\t\t\t\t\t\t\t\t<span class=\"elementor-icon-list-text\">O naszej firmie<\/span>\n\t\t\t\t\t\t\t\t\t<\/li>\n\t\t\t\t\t\t<\/ul>\n\t\t\t\t\t\t<\/div>\n\t\t\t\t<\/div>\n\t\t\t\t<div class=\"elementor-element elementor-element-ab9e092 elementor-widget elementor-widget-elementskit-heading\" data-id=\"ab9e092\" data-element_type=\"widget\" data-widget_type=\"elementskit-heading.default\">\n\t\t\t\t<div class=\"elementor-widget-container\">\n\t\t\t\t\t<div class=\"ekit-wid-con\" ><div class=\"ekit-heading elementskit-section-title-wraper text_left   ekit_heading_tablet-text_center   ekit_heading_mobile-\"><h2 class=\"ekit-heading--title elementskit-section-title\">Redefiniowanie przysz\u0142o\u015bci finans\u00f3w <span><span>Zaufany partner<\/span><\/span> w Kryptowaluta<\/h2>\t\t\t\t<div class='ekit-heading__description'>\n\t\t\t\t\t<p>W naszej firmie d\u0105\u017cymy do zmiany sposobu korzystania z zasob\u00f3w cyfrowych. Dzi\u0119ki zaanga\u017cowaniu w bezpiecze\u0144stwo, innowacje i wzmocnienie pozycji u\u017cytkownik\u00f3w, nasz\u0105 misj\u0105 jest uczynienie kryptowaluty dost\u0119pn\u0105, bezpieczn\u0105 i warto\u015bciow\u0105 dla ka\u017cdego. Do\u0142\u0105cz do nas i wsp\u00f3lnie kszta\u0142tujmy przysz\u0142o\u015b\u0107 finans\u00f3w.<\/p>\n\t\t\t\t<\/div>\n\t\t\t<\/div><\/div>\t\t\t\t<\/div>\n\t\t\t\t<\/div>\n\t\t\t\t<\/div>\n\t\t<div class=\"elementor-element elementor-element-2ecffeb e-con-full e-flex e-con e-child\" data-id=\"2ecffeb\" data-element_type=\"container\">\n\t\t\t\t<div class=\"elementor-element elementor-element-3bbd5e8 elementor-widget elementor-widget-text-editor\" data-id=\"3bbd5e8\" data-element_type=\"widget\" data-widget_type=\"text-editor.default\">\n\t\t\t\t<div class=\"elementor-widget-container\">\n\t\t\t\t\t\t\t\t\t<p>Stworzy\u0107 \u015bwiat, w kt\u00f3rym kryptowaluta stanie si\u0119 codziennym, zaufanym i dost\u0119pnym narz\u0119dziem dla wszystkich. Naszym celem jest zbudowanie platformy, kt\u00f3ra umo\u017cliwi zar\u00f3wno osobom fizycznym, jak i firmom uwolnienie pe\u0142nego potencja\u0142u walut cyfrowych - nap\u0119dzaj\u0105c innowacje, integracj\u0119 finansow\u0105 i globalne mo\u017cliwo\u015bci gospodarcze.<\/p>\t\t\t\t\t\t\t\t<\/div>\n\t\t\t\t<\/div>\n\t\t\t\t<div class=\"elementor-element elementor-element-7424c53 elementor-widget elementor-widget-heading\" data-id=\"7424c53\" data-element_type=\"widget\" data-widget_type=\"heading.default\">\n\t\t\t\t<div class=\"elementor-widget-container\">\n\t\t\t\t\t<h2 class=\"elementor-heading-title elementor-size-default\">Dlaczego warto wybra\u0107 nas?<\/h2>\t\t\t\t<\/div>\n\t\t\t\t<\/div>\n\t\t<div class=\"elementor-element elementor-element-89263c1 e-con-full e-flex e-con e-child\" data-id=\"89263c1\" data-element_type=\"container\">\n\t\t<div class=\"elementor-element elementor-element-00517d4 e-con-full e-flex e-con e-child\" data-id=\"00517d4\" data-element_type=\"container\">\n\t\t\t\t<div class=\"elementor-element elementor-element-bd27101 elementor-mobile-align-center elementor-icon-list--layout-traditional elementor-list-item-link-full_width elementor-widget elementor-widget-icon-list\" data-id=\"bd27101\" data-element_type=\"widget\" data-widget_type=\"icon-list.default\">\n\t\t\t\t<div class=\"elementor-widget-container\">\n\t\t\t\t\t\t\t<ul class=\"elementor-icon-list-items\">\n\t\t\t\t\t\t\t<li class=\"elementor-icon-list-item\">\n\t\t\t\t\t\t\t\t\t\t\t<span class=\"elementor-icon-list-icon\">\n\t\t\t\t\t\t\t<i aria-hidden=\"true\" class=\"icon icon-checked\"><\/i>\t\t\t\t\t\t<\/span>\n\t\t\t\t\t\t\t\t\t\t<span class=\"elementor-icon-list-text\">Zorientowany na u\u017cytkownika<\/span>\n\t\t\t\t\t\t\t\t\t<\/li>\n\t\t\t\t\t\t\t\t<li class=\"elementor-icon-list-item\">\n\t\t\t\t\t\t\t\t\t\t\t<span class=\"elementor-icon-list-icon\">\n\t\t\t\t\t\t\t<i aria-hidden=\"true\" class=\"icon icon-checked\"><\/i>\t\t\t\t\t\t<\/span>\n\t\t\t\t\t\t\t\t\t\t<span class=\"elementor-icon-list-text\">Bezpiecze\u0144stwo przede wszystkim<\/span>\n\t\t\t\t\t\t\t\t\t<\/li>\n\t\t\t\t\t\t\t\t<li class=\"elementor-icon-list-item\">\n\t\t\t\t\t\t\t\t\t\t\t<span class=\"elementor-icon-list-icon\">\n\t\t\t\t\t\t\t<i aria-hidden=\"true\" class=\"icon icon-checked\"><\/i>\t\t\t\t\t\t<\/span>\n\t\t\t\t\t\t\t\t\t\t<span class=\"elementor-icon-list-text\">Innowacyjne narz\u0119dzia<\/span>\n\t\t\t\t\t\t\t\t\t<\/li>\n\t\t\t\t\t\t<\/ul>\n\t\t\t\t\t\t<\/div>\n\t\t\t\t<\/div>\n\t\t\t\t<\/div>\n\t\t<div class=\"elementor-element elementor-element-381eef1 e-con-full e-flex e-con e-child\" data-id=\"381eef1\" data-element_type=\"container\">\n\t\t\t\t<div class=\"elementor-element elementor-element-cea7639 elementor-mobile-align-center elementor-icon-list--layout-traditional elementor-list-item-link-full_width elementor-widget elementor-widget-icon-list\" data-id=\"cea7639\" data-element_type=\"widget\" data-widget_type=\"icon-list.default\">\n\t\t\t\t<div class=\"elementor-widget-container\">\n\t\t\t\t\t\t\t<ul class=\"elementor-icon-list-items\">\n\t\t\t\t\t\t\t<li class=\"elementor-icon-list-item\">\n\t\t\t\t\t\t\t\t\t\t\t<span class=\"elementor-icon-list-icon\">\n\t\t\t\t\t\t\t<i aria-hidden=\"true\" class=\"icon icon-checked\"><\/i>\t\t\t\t\t\t<\/span>\n\t\t\t\t\t\t\t\t\t\t<span class=\"elementor-icon-list-text\">Wsparcie ekspert\u00f3w<\/span>\n\t\t\t\t\t\t\t\t\t<\/li>\n\t\t\t\t\t\t\t\t<li class=\"elementor-icon-list-item\">\n\t\t\t\t\t\t\t\t\t\t\t<span class=\"elementor-icon-list-icon\">\n\t\t\t\t\t\t\t<i aria-hidden=\"true\" class=\"icon icon-checked\"><\/i>\t\t\t\t\t\t<\/span>\n\t\t\t\t\t\t\t\t\t\t<span class=\"elementor-icon-list-text\">Globalna dost\u0119pno\u015b\u0107<\/span>\n\t\t\t\t\t\t\t\t\t<\/li>\n\t\t\t\t\t\t\t\t<li class=\"elementor-icon-list-item\">\n\t\t\t\t\t\t\t\t\t\t\t<span class=\"elementor-icon-list-icon\">\n\t\t\t\t\t\t\t<i aria-hidden=\"true\" class=\"icon icon-checked\"><\/i>\t\t\t\t\t\t<\/span>\n\t\t\t\t\t\t\t\t\t\t<span class=\"elementor-icon-list-text\">Bezproblemowe do\u015bwiadczenie u\u017cytkownika<\/span>\n\t\t\t\t\t\t\t\t\t<\/li>\n\t\t\t\t\t\t<\/ul>\n\t\t\t\t\t\t<\/div>\n\t\t\t\t<\/div>\n\t\t\t\t<\/div>\n\t\t\t\t<\/div>\n\t\t\t\t<\/div>\n\t\t\t\t<\/div>\n\t\t<div class=\"elementor-element elementor-element-8653a84 e-con-full e-flex e-con e-child\" data-id=\"8653a84\" data-element_type=\"container\" data-settings=\"{&quot;background_background&quot;:&quot;classic&quot;}\">\n\t\t\t\t<div class=\"elementor-element elementor-element-d11a81f elementor-widget elementor-widget-spacer\" data-id=\"d11a81f\" data-element_type=\"widget\" data-widget_type=\"spacer.default\">\n\t\t\t\t<div class=\"elementor-widget-container\">\n\t\t\t\t\t\t\t<div class=\"elementor-spacer\">\n\t\t\t<div class=\"elementor-spacer-inner\"><\/div>\n\t\t<\/div>\n\t\t\t\t\t\t<\/div>\n\t\t\t\t<\/div>\n\t\t\t\t<div class=\"elementor-element elementor-element-f646e54 elementor-widget elementor-widget-elementskit-video\" data-id=\"f646e54\" data-element_type=\"widget\" data-widget_type=\"elementskit-video.default\">\n\t\t\t\t<div class=\"elementor-widget-container\">\n\t\t\t\t\t<div class=\"ekit-wid-con\" >\t\t<div class=\"video-content\" data-video-player=\"[]\" data-video-setting=\"{&quot;videoVolume&quot;:&quot;horizontal&quot;,&quot;startVolume&quot;:0.8,&quot;videoType&quot;:&quot;iframe&quot;,&quot;videoClass&quot;:&quot;mfp-fade&quot;}\">\n\t\t\t\n<a class=\"ekit_icon_button glow-btn ekit-video-popup ekit-video-popup-btn\" href=\"https:\/\/www.youtube.com\/embed\/Vsq1_kewchQ?feature=oembed?playlist=Vsq1_kewchQ&amp;mute=0&amp;autoplay=0&amp;loop=no&amp;controls=0&amp;start=0&amp;end=\" aria-label=\"video-popup\">\n\t\t\t\t<svg aria-hidden=\"true\" class=\"e-font-icon-svg e-fas-play\" viewbox=\"0 0 448 512\" xmlns=\"http:\/\/www.w3.org\/2000\/svg\"><path d=\"M424.4 214.7L72.4 6.6C43.8-10.3 0 6.1 0 47.9V464c0 37.5 40.7 60.1 72.4 41.3l352-208c31.4-18.5 31.5-64.1 0-82.6z\"><\/path><\/svg>\t\t<\/a>\n\t\t\t\t\t<\/div>\n\t\t<\/div>\t\t\t\t<\/div>\n\t\t\t\t<\/div>\n\t\t\t\t<div class=\"elementor-element elementor-element-6955a1e elementor-widget elementor-widget-spacer\" data-id=\"6955a1e\" data-element_type=\"widget\" data-widget_type=\"spacer.default\">\n\t\t\t\t<div class=\"elementor-widget-container\">\n\t\t\t\t\t\t\t<div class=\"elementor-spacer\">\n\t\t\t<div class=\"elementor-spacer-inner\"><\/div>\n\t\t<\/div>\n\t\t\t\t\t\t<\/div>\n\t\t\t\t<\/div>\n\t\t\t\t<\/div>\n\t\t<div class=\"elementor-element elementor-element-ead5948 e-con-full e-flex e-con e-child\" data-id=\"ead5948\" data-element_type=\"container\">\n\t\t<div class=\"elementor-element elementor-element-b3078c4 e-con-full e-flex e-con e-child\" data-id=\"b3078c4\" data-element_type=\"container\">\n\t\t<div class=\"elementor-element elementor-element-21266da e-con-full e-flex e-con e-child\" data-id=\"21266da\" data-element_type=\"container\">\n\t\t<div class=\"elementor-element elementor-element-0f0fb30 e-con-full e-flex e-con e-child\" data-id=\"0f0fb30\" data-element_type=\"container\">\n\t\t<div class=\"elementor-element elementor-element-3db6bab e-con-full e-flex e-con e-child\" data-id=\"3db6bab\" data-element_type=\"container\">\n\t\t\t\t<div class=\"elementor-element elementor-element-6be0db9 elementor-widget elementor-widget-counter\" data-id=\"6be0db9\" data-element_type=\"widget\" data-widget_type=\"counter.default\">\n\t\t\t\t<div class=\"elementor-widget-container\">\n\t\t\t\t\t\t\t<div class=\"elementor-counter\">\n\t\t\t<div class=\"elementor-counter-title\">Obj\u0119te kraje<\/div>\t\t\t<div class=\"elementor-counter-number-wrapper\">\n\t\t\t\t<span class=\"elementor-counter-number-prefix\"><\/span>\n\t\t\t\t<span class=\"elementor-counter-number\" data-duration=\"2000\" data-to-value=\"200\" data-from-value=\"0\" data-delimiter=\",\">0<\/span>\n\t\t\t\t<span class=\"elementor-counter-number-suffix\">+<\/span>\n\t\t\t<\/div>\n\t\t<\/div>\n\t\t\t\t\t\t<\/div>\n\t\t\t\t<\/div>\n\t\t\t\t<\/div>\n\t\t<div class=\"elementor-element elementor-element-da97623 e-con-full e-flex e-con e-child\" data-id=\"da97623\" data-element_type=\"container\">\n\t\t\t\t<div class=\"elementor-element elementor-element-962d307 elementor-widget elementor-widget-counter\" data-id=\"962d307\" data-element_type=\"widget\" data-widget_type=\"counter.default\">\n\t\t\t\t<div class=\"elementor-widget-container\">\n\t\t\t\t\t\t\t<div class=\"elementor-counter\">\n\t\t\t<div class=\"elementor-counter-title\">Globalny inwestor<\/div>\t\t\t<div class=\"elementor-counter-number-wrapper\">\n\t\t\t\t<span class=\"elementor-counter-number-prefix\"><\/span>\n\t\t\t\t<span class=\"elementor-counter-number\" data-duration=\"2000\" data-to-value=\"30\" data-from-value=\"0\" data-delimiter=\",\">0<\/span>\n\t\t\t\t<span class=\"elementor-counter-number-suffix\">M+<\/span>\n\t\t\t<\/div>\n\t\t<\/div>\n\t\t\t\t\t\t<\/div>\n\t\t\t\t<\/div>\n\t\t\t\t<\/div>\n\t\t\t\t<\/div>\n\t\t<div class=\"elementor-element elementor-element-4a25142 e-con-full e-flex e-con e-child\" data-id=\"4a25142\" data-element_type=\"container\">\n\t\t<div class=\"elementor-element elementor-element-74d0866 e-con-full e-flex e-con e-child\" data-id=\"74d0866\" data-element_type=\"container\">\n\t\t\t\t<div class=\"elementor-element elementor-element-7b788c1 elementor-widget elementor-widget-counter\" data-id=\"7b788c1\" data-element_type=\"widget\" data-widget_type=\"counter.default\">\n\t\t\t\t<div class=\"elementor-widget-container\">\n\t\t\t\t\t\t\t<div class=\"elementor-counter\">\n\t\t\t<div class=\"elementor-counter-title\">Moneta kryptograficzna<\/div>\t\t\t<div class=\"elementor-counter-number-wrapper\">\n\t\t\t\t<span class=\"elementor-counter-number-prefix\"><\/span>\n\t\t\t\t<span class=\"elementor-counter-number\" data-duration=\"2000\" data-to-value=\"700\" data-from-value=\"0\" data-delimiter=\",\">0<\/span>\n\t\t\t\t<span class=\"elementor-counter-number-suffix\">+<\/span>\n\t\t\t<\/div>\n\t\t<\/div>\n\t\t\t\t\t\t<\/div>\n\t\t\t\t<\/div>\n\t\t\t\t<\/div>\n\t\t<div class=\"elementor-element elementor-element-35be3b6 e-con-full e-flex e-con e-child\" data-id=\"35be3b6\" data-element_type=\"container\">\n\t\t\t\t<div class=\"elementor-element elementor-element-05cf08d elementor-widget elementor-widget-counter\" data-id=\"05cf08d\" data-element_type=\"widget\" data-widget_type=\"counter.default\">\n\t\t\t\t<div class=\"elementor-widget-container\">\n\t\t\t\t\t\t\t<div class=\"elementor-counter\">\n\t\t\t<div class=\"elementor-counter-title\">24-godzinny wolumen obrotu<\/div>\t\t\t<div class=\"elementor-counter-number-wrapper\">\n\t\t\t\t<span class=\"elementor-counter-number-prefix\"><\/span>\n\t\t\t\t<span class=\"elementor-counter-number\" data-duration=\"2000\" data-to-value=\"1.3\" data-from-value=\"0\" data-delimiter=\",\">0<\/span>\n\t\t\t\t<span class=\"elementor-counter-number-suffix\">B+<\/span>\n\t\t\t<\/div>\n\t\t<\/div>\n\t\t\t\t\t\t<\/div>\n\t\t\t\t<\/div>\n\t\t\t\t<\/div>\n\t\t\t\t<\/div>\n\t\t\t\t<\/div>\n\t\t<div class=\"elementor-element elementor-element-801b77d e-con-full e-flex e-con e-child\" data-id=\"801b77d\" data-element_type=\"container\" data-settings=\"{&quot;background_background&quot;:&quot;classic&quot;}\">\n\t\t<div class=\"elementor-element elementor-element-ff4a955 e-con-full e-flex e-con e-child\" data-id=\"ff4a955\" data-element_type=\"container\">\n\t\t\t\t<div class=\"elementor-element elementor-element-97cd2dd elementor-widget elementor-widget-image\" data-id=\"97cd2dd\" data-element_type=\"widget\" data-widget_type=\"image.default\">\n\t\t\t\t<div class=\"elementor-widget-container\">\n\t\t\t\t\t\t\t\t\t\t\t\t\t\t\t<img decoding=\"async\" src=\"https:\/\/demo.bosathemes.com\/bosa\/crypto\/wp-content\/uploads\/sites\/141\/2024\/12\/image-6.jpg\" title=\"\" alt=\"\" loading=\"lazy\" \/>\t\t\t\t\t\t\t\t\t\t\t\t\t\t\t<\/div>\n\t\t\t\t<\/div>\n\t\t\t\t<\/div>\n\t\t<div class=\"elementor-element elementor-element-9e8be1e e-con-full e-flex e-con e-child\" data-id=\"9e8be1e\" data-element_type=\"container\">\n\t\t\t\t<div class=\"elementor-element elementor-element-9422073 elementor-widget elementor-widget-elementskit-heading\" data-id=\"9422073\" data-element_type=\"widget\" data-widget_type=\"elementskit-heading.default\">\n\t\t\t\t<div class=\"elementor-widget-container\">\n\t\t\t\t\t<div class=\"ekit-wid-con\" ><div class=\"ekit-heading elementskit-section-title-wraper text_left   ekit_heading_tablet-   ekit_heading_mobile-text_center\"><h2 class=\"ekit-heading--title elementskit-section-title\">Wspania\u0142e do\u015bwiadczenia klient\u00f3w<\/h2>\t\t\t\t<div class='ekit-heading__description'>\n\t\t\t\t\t<p>Dostarczanie wyj\u0105tkowych do\u015bwiadcze\u0144 klientom jest podstaw\u0105 wszystkiego, co robimy. Tw\u00f3j sukces nap\u0119dza nasz\u0105 misj\u0119, a naszym celem jest wspieranie Ci\u0119 na ka\u017cdym kroku.<\/p>\n\t\t\t\t<\/div>\n\t\t\t<\/div><\/div>\t\t\t\t<\/div>\n\t\t\t\t<\/div>\n\t\t\t\t<\/div>\n\t\t\t\t<\/div>\n\t\t\t\t<\/div>\n\t\t<div class=\"elementor-element elementor-element-712ed83 e-con-full e-flex e-con e-child\" data-id=\"712ed83\" data-element_type=\"container\">\n\t\t\t\t<div class=\"elementor-element elementor-element-24cf8df elementor-widget elementor-widget-text-editor\" data-id=\"24cf8df\" data-element_type=\"widget\" data-widget_type=\"text-editor.default\">\n\t\t\t\t<div class=\"elementor-widget-container\">\n\t\t\t\t\t\t\t\t\t<p>Wierzymy w transformacyjn\u0105 moc kryptowalut, kt\u00f3ra mo\u017ce zmieni\u0107 globalne systemy finansowe. Dlatego pomagamy osobom fizycznym i firmom pewnie porusza\u0107 si\u0119 w tej dynamicznej przestrzeni. Nasz zesp\u00f3\u0142 ekspert\u00f3w jest zaanga\u017cowany w dostarczanie najnowocze\u015bniejszych technologii, silnych zabezpiecze\u0144 i p\u0142ynnego do\u015bwiadczenia u\u017cytkownika - umo\u017cliwiaj\u0105c odblokowanie pe\u0142nego potencja\u0142u zasob\u00f3w cyfrowych.<\/p>\t\t\t\t\t\t\t\t<\/div>\n\t\t\t\t<\/div>\n\t\t\t\t<div class=\"elementor-element elementor-element-ca0b1c6 elementor-widget elementor-widget-image\" data-id=\"ca0b1c6\" data-element_type=\"widget\" data-widget_type=\"image.default\">\n\t\t\t\t<div class=\"elementor-widget-container\">\n\t\t\t\t\t\t\t\t\t\t\t\t\t\t\t<img decoding=\"async\" src=\"https:\/\/demo.bosathemes.com\/bosa\/crypto\/wp-content\/uploads\/sites\/141\/2024\/12\/image-8.jpg\" title=\"\" alt=\"\" loading=\"lazy\" \/>\t\t\t\t\t\t\t\t\t\t\t\t\t\t\t<\/div>\n\t\t\t\t<\/div>\n\t\t\t\t<\/div>\n\t\t\t\t<\/div>\n\t\t\t\t\t<\/div>\n\t\t\t\t<\/div>\n\t\t\t\t<\/div>","protected":false},"excerpt":{"rendered":"<p>About Us About Our Company Redefining the Future of Finance Your Trusted Partner in Cryptocurrency At Our Company, we\u2019re dedicated to transforming how you engage with digital assets. With a commitment to security, innovation, and user empowerment, our mission is to make cryptocurrency accessible, secure, and valuable for everyone. Join us as we shape the future of finance together. To [&hellip;]<\/p>","protected":false},"author":2,"featured_media":0,"parent":0,"menu_order":0,"comment_status":"closed","ping_status":"closed","template":"elementor_header_footer","meta":{"footnotes":""},"class_list":["post-54","page","type-page","status-publish","hentry"],"_links":{"self":[{"href":"https:\/\/monivexpro.com\/pl\/wp-json\/wp\/v2\/pages\/54","targetHints":{"allow":["GET"]}}],"collection":[{"href":"https:\/\/monivexpro.com\/pl\/wp-json\/wp\/v2\/pages"}],"about":[{"href":"https:\/\/monivexpro.com\/pl\/wp-json\/wp\/v2\/types\/page"}],"author":[{"embeddable":true,"href":"https:\/\/monivexpro.com\/pl\/wp-json\/wp\/v2\/users\/2"}],"replies":[{"embeddable":true,"href":"https:\/\/monivexpro.com\/pl\/wp-json\/wp\/v2\/comments?post=54"}],"version-history":[{"count":7,"href":"https:\/\/monivexpro.com\/pl\/wp-json\/wp\/v2\/pages\/54\/revisions"}],"predecessor-version":[{"id":389,"href":"https:\/\/monivexpro.com\/pl\/wp-json\/wp\/v2\/pages\/54\/revisions\/389"}],"wp:attachment":[{"href":"https:\/\/monivexpro.com\/pl\/wp-json\/wp\/v2\/media?parent=54"}],"curies":[{"name":"wp","href":"https:\/\/api.w.org\/{rel}","templated":true}]}}