{"id":52,"date":"2024-12-08T09:51:21","date_gmt":"2024-12-08T09:51:21","guid":{"rendered":"https:\/\/demo.bosathemes.com\/bosa\/crypto\/?page_id=1042"},"modified":"2025-05-16T11:41:02","modified_gmt":"2025-05-16T11:41:02","slug":"services","status":"publish","type":"page","link":"https:\/\/monivexpro.com\/pl\/services\/","title":{"rendered":"Us\u0142ugi"},"content":{"rendered":"<div data-elementor-type=\"wp-page\" data-elementor-id=\"52\" class=\"elementor elementor-52\" data-elementor-post-type=\"page\">\n\t\t\t\t<div class=\"elementor-element elementor-element-d6afe83 e-flex e-con-boxed e-con e-parent\" data-id=\"d6afe83\" data-element_type=\"container\" data-settings=\"{&quot;background_background&quot;:&quot;classic&quot;}\">\n\t\t\t\t\t<div class=\"e-con-inner\">\n\t\t<div class=\"elementor-element elementor-element-005f551 e-con-full e-flex e-con e-child\" data-id=\"005f551\" data-element_type=\"container\">\n\t\t\t\t<div class=\"elementor-element elementor-element-19674b9 elementor-widget elementor-widget-elementskit-heading\" data-id=\"19674b9\" data-element_type=\"widget\" data-widget_type=\"elementskit-heading.default\">\n\t\t\t\t<div class=\"elementor-widget-container\">\n\t\t\t\t\t<div class=\"ekit-wid-con\" ><div class=\"ekit-heading elementskit-section-title-wraper text_center   ekit_heading_tablet-   ekit_heading_mobile-\"><h2 class=\"ekit-heading--title elementskit-section-title\">Nasz <span><span>Us\u0142ugi<\/span><\/span><\/h2><\/div><\/div>\t\t\t\t<\/div>\n\t\t\t\t<\/div>\n\t\t\t\t<\/div>\n\t\t\t\t\t<\/div>\n\t\t\t\t<\/div>\n\t\t<div class=\"elementor-element elementor-element-ec0c989 e-flex e-con-boxed e-con e-parent\" data-id=\"ec0c989\" data-element_type=\"container\" data-settings=\"{&quot;background_background&quot;:&quot;classic&quot;}\">\n\t\t\t\t\t<div class=\"e-con-inner\">\n\t\t<div class=\"elementor-element elementor-element-4db70d2 e-con-full e-flex e-con e-child\" data-id=\"4db70d2\" data-element_type=\"container\">\n\t\t<div class=\"elementor-element elementor-element-c8b59ad e-con-full e-flex e-con e-child\" data-id=\"c8b59ad\" data-element_type=\"container\" data-settings=\"{&quot;background_background&quot;:&quot;gradient&quot;}\">\n\t\t\t\t<div class=\"elementor-element elementor-element-b928ac7 elementor-widget elementor-widget-heading\" data-id=\"b928ac7\" data-element_type=\"widget\" data-widget_type=\"heading.default\">\n\t\t\t\t<div class=\"elementor-widget-container\">\n\t\t\t\t\t<h2 class=\"elementor-heading-title elementor-size-default\">Analiza rynku<\/h2>\t\t\t\t<\/div>\n\t\t\t\t<\/div>\n\t\t\t\t<div class=\"elementor-element elementor-element-a5b021a elementor-widget__width-initial elementor-widget elementor-widget-image\" data-id=\"a5b021a\" data-element_type=\"widget\" data-widget_type=\"image.default\">\n\t\t\t\t<div class=\"elementor-widget-container\">\n\t\t\t\t\t\t\t\t\t\t\t\t\t\t\t<img decoding=\"async\" src=\"https:\/\/demo.bosathemes.com\/bosa\/crypto\/wp-content\/uploads\/sites\/141\/2024\/12\/icon-1.png\" title=\"\" alt=\"\" loading=\"lazy\" \/>\t\t\t\t\t\t\t\t\t\t\t\t\t\t\t<\/div>\n\t\t\t\t<\/div>\n\t\t\t\t<div class=\"elementor-element elementor-element-1545fc1 elementor-widget elementor-widget-text-editor\" data-id=\"1545fc1\" data-element_type=\"widget\" data-widget_type=\"text-editor.default\">\n\t\t\t\t<div class=\"elementor-widget-container\">\n\t\t\t\t\t\t\t\t\t<p>Uzyskaj dost\u0119p do danych na \u017cywo, trend\u00f3w rynkowych i spostrze\u017ce\u0144 ekspert\u00f3w, kt\u00f3re pomog\u0105 Ci pewnie porusza\u0107 si\u0119 po rynku kryptowalut i podejmowa\u0107 m\u0105drzejsze, \u015bwiadome decyzje inwestycyjne.<\/p>\t\t\t\t\t\t\t\t<\/div>\n\t\t\t\t<\/div>\n\t\t\t\t<div class=\"elementor-element elementor-element-3b9b1b1 elementor-align-center elementor-widget elementor-widget-button\" data-id=\"3b9b1b1\" data-element_type=\"widget\" data-widget_type=\"button.default\">\n\t\t\t\t<div class=\"elementor-widget-container\">\n\t\t\t\t\t\t\t\t\t<div class=\"elementor-button-wrapper\">\n\t\t\t\t\t<a class=\"elementor-button elementor-button-link elementor-size-sm\" href=\"https:\/\/monivexpro.com\/pl\/contact-us\/\">\n\t\t\t\t\t\t<span class=\"elementor-button-content-wrapper\">\n\t\t\t\t\t\t\t\t\t<span class=\"elementor-button-text\">Dowiedz si\u0119 wi\u0119cej...<\/span>\n\t\t\t\t\t<\/span>\n\t\t\t\t\t<\/a>\n\t\t\t\t<\/div>\n\t\t\t\t\t\t\t\t<\/div>\n\t\t\t\t<\/div>\n\t\t\t\t<\/div>\n\t\t<div class=\"elementor-element elementor-element-88f2ab4 e-con-full e-flex e-con e-child\" data-id=\"88f2ab4\" data-element_type=\"container\" data-settings=\"{&quot;background_background&quot;:&quot;gradient&quot;}\">\n\t\t\t\t<div class=\"elementor-element elementor-element-95358a4 elementor-widget elementor-widget-heading\" data-id=\"95358a4\" data-element_type=\"widget\" data-widget_type=\"heading.default\">\n\t\t\t\t<div class=\"elementor-widget-container\">\n\t\t\t\t\t<h2 class=\"elementor-heading-title elementor-size-default\">Zarz\u0105dzanie portfelem<\/h2>\t\t\t\t<\/div>\n\t\t\t\t<\/div>\n\t\t\t\t<div class=\"elementor-element elementor-element-c96597a elementor-widget__width-initial elementor-widget elementor-widget-image\" data-id=\"c96597a\" data-element_type=\"widget\" data-widget_type=\"image.default\">\n\t\t\t\t<div class=\"elementor-widget-container\">\n\t\t\t\t\t\t\t\t\t\t\t\t\t\t\t<img decoding=\"async\" src=\"https:\/\/demo.bosathemes.com\/bosa\/crypto\/wp-content\/uploads\/sites\/141\/2024\/12\/icon-2.png\" title=\"\" alt=\"\" loading=\"lazy\" \/>\t\t\t\t\t\t\t\t\t\t\t\t\t\t\t<\/div>\n\t\t\t\t<\/div>\n\t\t\t\t<div class=\"elementor-element elementor-element-d97a250 elementor-widget elementor-widget-text-editor\" data-id=\"d97a250\" data-element_type=\"widget\" data-widget_type=\"text-editor.default\">\n\t\t\t\t<div class=\"elementor-widget-container\">\n\t\t\t\t\t\t\t\t\t<p>Zarz\u0105dzaj ca\u0142ym portfelem kryptowalut bez wysi\u0142ku dzi\u0119ki przyjaznym dla u\u017cytkownika narz\u0119dziom zaprojektowanym do p\u0142ynnego \u015bledzenia, monitorowania i kontroli - wszystko na jednej wygodnej platformie.<\/p>\t\t\t\t\t\t\t\t<\/div>\n\t\t\t\t<\/div>\n\t\t\t\t<div class=\"elementor-element elementor-element-12ebf60 elementor-align-center elementor-widget elementor-widget-button\" data-id=\"12ebf60\" data-element_type=\"widget\" data-widget_type=\"button.default\">\n\t\t\t\t<div class=\"elementor-widget-container\">\n\t\t\t\t\t\t\t\t\t<div class=\"elementor-button-wrapper\">\n\t\t\t\t\t<a class=\"elementor-button elementor-button-link elementor-size-sm\" href=\"https:\/\/monivexpro.com\/pl\/contact-us\/\">\n\t\t\t\t\t\t<span class=\"elementor-button-content-wrapper\">\n\t\t\t\t\t\t\t\t\t<span class=\"elementor-button-text\">Dowiedz si\u0119 wi\u0119cej...<\/span>\n\t\t\t\t\t<\/span>\n\t\t\t\t\t<\/a>\n\t\t\t\t<\/div>\n\t\t\t\t\t\t\t\t<\/div>\n\t\t\t\t<\/div>\n\t\t\t\t<\/div>\n\t\t<div class=\"elementor-element elementor-element-84cd229 e-con-full e-flex e-con e-child\" data-id=\"84cd229\" data-element_type=\"container\" data-settings=\"{&quot;background_background&quot;:&quot;gradient&quot;}\">\n\t\t\t\t<div class=\"elementor-element elementor-element-2ff1097 elementor-widget elementor-widget-heading\" data-id=\"2ff1097\" data-element_type=\"widget\" data-widget_type=\"heading.default\">\n\t\t\t\t<div class=\"elementor-widget-container\">\n\t\t\t\t\t<h2 class=\"elementor-heading-title elementor-size-default\">Tokenowy Launchpad<\/h2>\t\t\t\t<\/div>\n\t\t\t\t<\/div>\n\t\t\t\t<div class=\"elementor-element elementor-element-593043e elementor-widget__width-initial elementor-widget elementor-widget-image\" data-id=\"593043e\" data-element_type=\"widget\" data-widget_type=\"image.default\">\n\t\t\t\t<div class=\"elementor-widget-container\">\n\t\t\t\t\t\t\t\t\t\t\t\t\t\t\t<img decoding=\"async\" src=\"https:\/\/demo.bosathemes.com\/bosa\/crypto\/wp-content\/uploads\/sites\/141\/2024\/12\/icon-3.png\" title=\"\" alt=\"\" loading=\"lazy\" \/>\t\t\t\t\t\t\t\t\t\t\t\t\t\t\t<\/div>\n\t\t\t\t<\/div>\n\t\t\t\t<div class=\"elementor-element elementor-element-33706a8 elementor-widget elementor-widget-text-editor\" data-id=\"33706a8\" data-element_type=\"widget\" data-widget_type=\"text-editor.default\">\n\t\t\t\t<div class=\"elementor-widget-container\">\n\t\t\t\t\t\t\t\t\t<p>Rozpocznij sw\u00f3j projekt kryptowalutowy z pewno\u015bci\u0105 siebie, korzystaj\u0105c z naszych kompleksowych us\u0142ug uruchamiania token\u00f3w - zapewniaj\u0105c wskaz\u00f3wki ekspert\u00f3w i kompleksowe wsparcie od pomys\u0142u do wprowadzenia na rynek.<\/p>\t\t\t\t\t\t\t\t<\/div>\n\t\t\t\t<\/div>\n\t\t\t\t<div class=\"elementor-element elementor-element-ed5aa70 elementor-align-center elementor-widget elementor-widget-button\" data-id=\"ed5aa70\" data-element_type=\"widget\" data-widget_type=\"button.default\">\n\t\t\t\t<div class=\"elementor-widget-container\">\n\t\t\t\t\t\t\t\t\t<div class=\"elementor-button-wrapper\">\n\t\t\t\t\t<a class=\"elementor-button elementor-button-link elementor-size-sm\" href=\"https:\/\/monivexpro.com\/pl\/contact-us\/\">\n\t\t\t\t\t\t<span class=\"elementor-button-content-wrapper\">\n\t\t\t\t\t\t\t\t\t<span class=\"elementor-button-text\">Dowiedz si\u0119 wi\u0119cej...<\/span>\n\t\t\t\t\t<\/span>\n\t\t\t\t\t<\/a>\n\t\t\t\t<\/div>\n\t\t\t\t\t\t\t\t<\/div>\n\t\t\t\t<\/div>\n\t\t\t\t<\/div>\n\t\t\t\t<\/div>\n\t\t<div class=\"elementor-element elementor-element-ae0c770 e-con-full e-flex e-con e-child\" data-id=\"ae0c770\" data-element_type=\"container\">\n\t\t<div class=\"elementor-element elementor-element-138c772 e-con-full e-flex e-con e-child\" data-id=\"138c772\" data-element_type=\"container\" data-settings=\"{&quot;background_background&quot;:&quot;gradient&quot;}\">\n\t\t\t\t<div class=\"elementor-element elementor-element-cbd47ce elementor-widget elementor-widget-heading\" data-id=\"cbd47ce\" data-element_type=\"widget\" data-widget_type=\"heading.default\">\n\t\t\t\t<div class=\"elementor-widget-container\">\n\t\t\t\t\t<h2 class=\"elementor-heading-title elementor-size-default\">Us\u0142ugi tyczenia<\/h2>\t\t\t\t<\/div>\n\t\t\t\t<\/div>\n\t\t\t\t<div class=\"elementor-element elementor-element-4b62192 elementor-widget__width-initial elementor-widget elementor-widget-image\" data-id=\"4b62192\" data-element_type=\"widget\" data-widget_type=\"image.default\">\n\t\t\t\t<div class=\"elementor-widget-container\">\n\t\t\t\t\t\t\t\t\t\t\t\t\t\t\t<img decoding=\"async\" src=\"https:\/\/demo.bosathemes.com\/bosa\/crypto\/wp-content\/uploads\/sites\/141\/2024\/12\/icon-4.png\" title=\"\" alt=\"\" loading=\"lazy\" \/>\t\t\t\t\t\t\t\t\t\t\t\t\t\t\t<\/div>\n\t\t\t\t<\/div>\n\t\t\t\t<div class=\"elementor-element elementor-element-cd90da9 elementor-widget elementor-widget-text-editor\" data-id=\"cd90da9\" data-element_type=\"widget\" data-widget_type=\"text-editor.default\">\n\t\t\t\t<div class=\"elementor-widget-container\">\n\t\t\t\t\t\t\t\t\t<p>Zmaksymalizuj swoje zasoby kryptowalut poprzez stakowanie za po\u015brednictwem naszej bezpiecznej i niezawodnej platformy - zaprojektowanej, aby pom\u00f3c Ci zarabia\u0107 pasywnie, zachowuj\u0105c pe\u0142n\u0105 kontrol\u0119 nad swoimi aktywami.<\/p>\t\t\t\t\t\t\t\t<\/div>\n\t\t\t\t<\/div>\n\t\t\t\t<div class=\"elementor-element elementor-element-61ada7c elementor-align-center elementor-widget elementor-widget-button\" data-id=\"61ada7c\" data-element_type=\"widget\" data-widget_type=\"button.default\">\n\t\t\t\t<div class=\"elementor-widget-container\">\n\t\t\t\t\t\t\t\t\t<div class=\"elementor-button-wrapper\">\n\t\t\t\t\t<a class=\"elementor-button elementor-button-link elementor-size-sm\" href=\"https:\/\/monivexpro.com\/pl\/contact-us\/\">\n\t\t\t\t\t\t<span class=\"elementor-button-content-wrapper\">\n\t\t\t\t\t\t\t\t\t<span class=\"elementor-button-text\">Dowiedz si\u0119 wi\u0119cej...<\/span>\n\t\t\t\t\t<\/span>\n\t\t\t\t\t<\/a>\n\t\t\t\t<\/div>\n\t\t\t\t\t\t\t\t<\/div>\n\t\t\t\t<\/div>\n\t\t\t\t<\/div>\n\t\t<div class=\"elementor-element elementor-element-2882530 e-con-full e-flex e-con e-child\" data-id=\"2882530\" data-element_type=\"container\" data-settings=\"{&quot;background_background&quot;:&quot;gradient&quot;}\">\n\t\t\t\t<div class=\"elementor-element elementor-element-a45493d elementor-widget elementor-widget-heading\" data-id=\"a45493d\" data-element_type=\"widget\" data-widget_type=\"heading.default\">\n\t\t\t\t<div class=\"elementor-widget-container\">\n\t\t\t\t\t<h2 class=\"elementor-heading-title elementor-size-default\">Obs\u0142uga klienta 24\/7<\/h2>\t\t\t\t<\/div>\n\t\t\t\t<\/div>\n\t\t\t\t<div class=\"elementor-element elementor-element-2f930b4 elementor-widget__width-initial elementor-widget elementor-widget-image\" data-id=\"2f930b4\" data-element_type=\"widget\" data-widget_type=\"image.default\">\n\t\t\t\t<div class=\"elementor-widget-container\">\n\t\t\t\t\t\t\t\t\t\t\t\t\t\t\t<img decoding=\"async\" src=\"https:\/\/demo.bosathemes.com\/bosa\/crypto\/wp-content\/uploads\/sites\/141\/2024\/12\/icon-5.png\" title=\"\" alt=\"\" loading=\"lazy\" \/>\t\t\t\t\t\t\t\t\t\t\t\t\t\t\t<\/div>\n\t\t\t\t<\/div>\n\t\t\t\t<div class=\"elementor-element elementor-element-20bdef5 elementor-widget elementor-widget-text-editor\" data-id=\"20bdef5\" data-element_type=\"widget\" data-widget_type=\"text-editor.default\">\n\t\t\t\t<div class=\"elementor-widget-container\">\n\t\t\t\t\t\t\t\t\t<p>Dost\u0119p do niezawodnego wsparcia zawsze, gdy go potrzebujesz - nasz dedykowany zesp\u00f3\u0142 jest dost\u0119pny przez ca\u0142\u0105 dob\u0119, aby odpowiedzie\u0107 na wszelkie pytania lub rozwi\u0105za\u0107 wszelkie problemy szybko i profesjonalnie.<\/p>\t\t\t\t\t\t\t\t<\/div>\n\t\t\t\t<\/div>\n\t\t\t\t<div class=\"elementor-element elementor-element-2302425 elementor-align-center elementor-widget elementor-widget-button\" data-id=\"2302425\" data-element_type=\"widget\" data-widget_type=\"button.default\">\n\t\t\t\t<div class=\"elementor-widget-container\">\n\t\t\t\t\t\t\t\t\t<div class=\"elementor-button-wrapper\">\n\t\t\t\t\t<a class=\"elementor-button elementor-button-link elementor-size-sm\" href=\"https:\/\/monivexpro.com\/pl\/contact-us\/\">\n\t\t\t\t\t\t<span class=\"elementor-button-content-wrapper\">\n\t\t\t\t\t\t\t\t\t<span class=\"elementor-button-text\">Dowiedz si\u0119 wi\u0119cej...<\/span>\n\t\t\t\t\t<\/span>\n\t\t\t\t\t<\/a>\n\t\t\t\t<\/div>\n\t\t\t\t\t\t\t\t<\/div>\n\t\t\t\t<\/div>\n\t\t\t\t<\/div>\n\t\t<div class=\"elementor-element elementor-element-8761010 e-con-full e-flex e-con e-child\" data-id=\"8761010\" data-element_type=\"container\" data-settings=\"{&quot;background_background&quot;:&quot;gradient&quot;}\">\n\t\t\t\t<div class=\"elementor-element elementor-element-2102ad0 elementor-widget elementor-widget-heading\" data-id=\"2102ad0\" data-element_type=\"widget\" data-widget_type=\"heading.default\">\n\t\t\t\t<div class=\"elementor-widget-container\">\n\t\t\t\t\t<h2 class=\"elementor-heading-title elementor-size-default\">Aktualizacje wiadomo\u015bci kryptograficznych<\/h2>\t\t\t\t<\/div>\n\t\t\t\t<\/div>\n\t\t\t\t<div class=\"elementor-element elementor-element-7e3575b elementor-widget__width-initial elementor-widget elementor-widget-image\" data-id=\"7e3575b\" data-element_type=\"widget\" data-widget_type=\"image.default\">\n\t\t\t\t<div class=\"elementor-widget-container\">\n\t\t\t\t\t\t\t\t\t\t\t\t\t\t\t<img decoding=\"async\" src=\"https:\/\/demo.bosathemes.com\/bosa\/crypto\/wp-content\/uploads\/sites\/141\/2024\/12\/icon-6.png\" title=\"\" alt=\"\" loading=\"lazy\" \/>\t\t\t\t\t\t\t\t\t\t\t\t\t\t\t<\/div>\n\t\t\t\t<\/div>\n\t\t\t\t<div class=\"elementor-element elementor-element-38a960c elementor-widget elementor-widget-text-editor\" data-id=\"38a960c\" data-element_type=\"widget\" data-widget_type=\"text-editor.default\">\n\t\t\t\t<div class=\"elementor-widget-container\">\n\t\t\t\t\t\t\t\t\t<p>B\u0105d\u017a na bie\u017c\u0105co i wyprzedzaj rynek dzi\u0119ki wiadomo\u015bciom w czasie rzeczywistym, spostrze\u017ceniom ekspert\u00f3w i najnowszym aktualizacjom z bran\u017cy kryptowalut i blockchain.<\/p>\t\t\t\t\t\t\t\t<\/div>\n\t\t\t\t<\/div>\n\t\t\t\t<div class=\"elementor-element elementor-element-1c3408b elementor-align-center elementor-widget elementor-widget-button\" data-id=\"1c3408b\" data-element_type=\"widget\" data-widget_type=\"button.default\">\n\t\t\t\t<div class=\"elementor-widget-container\">\n\t\t\t\t\t\t\t\t\t<div class=\"elementor-button-wrapper\">\n\t\t\t\t\t<a class=\"elementor-button elementor-button-link elementor-size-sm\" href=\"https:\/\/monivexpro.com\/pl\/contact-us\/\">\n\t\t\t\t\t\t<span class=\"elementor-button-content-wrapper\">\n\t\t\t\t\t\t\t\t\t<span class=\"elementor-button-text\">Dowiedz si\u0119 wi\u0119cej...<\/span>\n\t\t\t\t\t<\/span>\n\t\t\t\t\t<\/a>\n\t\t\t\t<\/div>\n\t\t\t\t\t\t\t\t<\/div>\n\t\t\t\t<\/div>\n\t\t\t\t<\/div>\n\t\t\t\t<\/div>\n\t\t\t\t\t<\/div>\n\t\t\t\t<\/div>\n\t\t<div class=\"elementor-element elementor-element-71f6592b e-flex e-con-boxed e-con e-parent\" data-id=\"71f6592b\" data-element_type=\"container\" data-settings=\"{&quot;background_background&quot;:&quot;classic&quot;}\">\n\t\t\t\t\t<div class=\"e-con-inner\">\n\t\t<div class=\"elementor-element elementor-element-14f19ebe e-con-full e-flex e-con e-child\" data-id=\"14f19ebe\" data-element_type=\"container\">\n\t\t\t\t<div class=\"elementor-element elementor-element-6cf4867b elementor-widget elementor-widget-elementskit-heading\" data-id=\"6cf4867b\" data-element_type=\"widget\" data-widget_type=\"elementskit-heading.default\">\n\t\t\t\t<div class=\"elementor-widget-container\">\n\t\t\t\t\t<div class=\"ekit-wid-con\" ><div class=\"ekit-heading elementskit-section-title-wraper center   ekit_heading_tablet-   ekit_heading_mobile-\"><h2 class=\"ekit-heading--title elementskit-section-title\">Cz\u0119sto zadawane pytania<\/h2><div class=\"ekit_heading_separetor_wraper ekit_heading_elementskit-border-divider\"><div class=\"elementskit-border-divider\"><\/div><\/div>\t\t\t\t<div class='ekit-heading__description'>\n\t\t\t\t\t<p><span style=\"font-weight: 400\">Znajd\u017a odpowiedzi na najcz\u0119\u015bciej zadawane pytania dotycz\u0105ce kryptowalut.<\/span><\/p>\n\t\t\t\t<\/div>\n\t\t\t<\/div><\/div>\t\t\t\t<\/div>\n\t\t\t\t<\/div>\n\t\t<div class=\"elementor-element elementor-element-11ec8707 e-con-full e-flex e-con e-child\" data-id=\"11ec8707\" data-element_type=\"container\">\n\t\t\t\t<div class=\"elementor-element elementor-element-6c8de95a elementor-widget elementor-widget-elementskit-faq\" data-id=\"6c8de95a\" data-element_type=\"widget\" data-widget_type=\"elementskit-faq.default\">\n\t\t\t\t<div class=\"elementor-widget-container\">\n\t\t\t\t\t<div class=\"ekit-wid-con\" >\n                <div class=\"elementskit-single-faq elementor-repeater-item-ed9d5fd\">\n            <div class=\"elementskit-faq-header\">\n                <h2 class=\"elementskit-faq-title\">Czym jest kryptowaluta?<\/h2>\n            <\/div>\n            <div class=\"elementskit-faq-body\">\n                Kryptowaluta to forma cyfrowej lub wirtualnej waluty zabezpieczonej kryptograficznie. Dzia\u0142a w zdecentralizowanych sieciach blockchain, zapewniaj\u0105c przejrzysto\u015b\u0107, bezpiecze\u0144stwo i odporno\u015b\u0107 na oszustwa lub manipulacje bez potrzeby anga\u017cowania w\u0142adz centralnych.            <\/div>\n        <\/div>\n                <div class=\"elementskit-single-faq elementor-repeater-item-d9d454c\">\n            <div class=\"elementskit-faq-header\">\n                <h2 class=\"elementskit-faq-title\">Jak dzia\u0142a kryptowaluta?<\/h2>\n            <\/div>\n            <div class=\"elementskit-faq-body\">\n                Kryptowaluty dzia\u0142aj\u0105 w oparciu o zdecentralizowan\u0105 ksi\u0119g\u0119 znan\u0105 jako blockchain, w kt\u00f3rej ka\u017cda transakcja jest trwale rejestrowana. Transakcje te s\u0105 weryfikowane przez uczestnik\u00f3w sieci - takich jak g\u00f3rnicy lub walidatorzy - i zabezpieczane za pomoc\u0105 zaawansowanych metod kryptograficznych, zapewniaj\u0105c przejrzysto\u015b\u0107, bezpiecze\u0144stwo i integralno\u015b\u0107 ca\u0142ego systemu.            <\/div>\n        <\/div>\n                <div class=\"elementskit-single-faq elementor-repeater-item-8e9c997\">\n            <div class=\"elementskit-faq-header\">\n                <h2 class=\"elementskit-faq-title\">Czym jest technologia blockchain?<\/h2>\n            <\/div>\n            <div class=\"elementskit-faq-body\">\n                Blockchain to podstawowa technologia stoj\u0105ca za wi\u0119kszo\u015bci\u0105 kryptowalut. Funkcjonuje on jako rozproszona ksi\u0119ga, kt\u00f3ra rejestruje transakcje w sieci komputer\u00f3w. Ka\u017cdy \u201eblok\u201d zawiera list\u0119 zweryfikowanych transakcji, a bloki te s\u0105 bezpiecznie po\u0142\u0105czone ze sob\u0105 w porz\u0105dku chronologicznym, tworz\u0105c przejrzysty i odporny na manipulacje \u201e\u0142a\u0144cuch\u201d.            <\/div>\n        <\/div>\n                <div class=\"elementskit-single-faq elementor-repeater-item-b749e14\">\n            <div class=\"elementskit-faq-header\">\n                <h2 class=\"elementskit-faq-title\">Czym jest Bitcoin?<\/h2>\n            <\/div>\n            <div class=\"elementskit-faq-body\">\n                Bitcoin to pierwsza i najbardziej rozpoznawalna kryptowaluta na \u015bwiecie. Stworzona w 2008 roku przez anonimow\u0105 posta\u0107 znan\u0105 jako Satoshi Nakamoto, zosta\u0142a zaprojektowana jako zdecentralizowana alternatywa dla tradycyjnych walut fiducjarnych. Dzia\u0142aj\u0105c w sieci peer-to-peer, Bitcoin umo\u017cliwia u\u017cytkownikom wysy\u0142anie i otrzymywanie p\u0142atno\u015bci bezpo\u015brednio - bez potrzeby korzystania z bank\u00f3w lub po\u015brednik\u00f3w.            <\/div>\n        <\/div>\n                <div class=\"elementskit-single-faq elementor-repeater-item-32ea2ef\">\n            <div class=\"elementskit-faq-header\">\n                <h2 class=\"elementskit-faq-title\">Czym jest wydobywanie kryptowalut?<\/h2>\n            <\/div>\n            <div class=\"elementskit-faq-body\">\n                Wydobywanie to proces weryfikacji i dodawania nowych transakcji do \u0142a\u0144cucha blok\u00f3w. Polega on na wykorzystaniu mocy obliczeniowej do rozwi\u0105zywania z\u0142o\u017conych problem\u00f3w matematycznych, kt\u00f3re pomagaj\u0105 zabezpieczy\u0107 sie\u0107 i utrzyma\u0107 jej integralno\u015b\u0107. W nagrod\u0119 za swoj\u0105 prac\u0119 g\u00f3rnicy otrzymuj\u0105 nowo wybite monety kryptowaluty wraz z wszelkimi powi\u0105zanymi op\u0142atami transakcyjnymi.            <\/div>\n        <\/div>\n                \n    <\/div>\t\t\t\t<\/div>\n\t\t\t\t<\/div>\n\t\t\t\t<\/div>\n\t\t\t\t<\/div>\n\t\t\t\t\t<\/div>\n\t\t\t\t<\/div>\n\t\t\t\t<\/div>","protected":false},"excerpt":{"rendered":"<p>Our Services Market Analytics Access live data, market trends, and expert insights to help you navigate the cryptocurrency landscape with confidence and make smarter, informed investment decisions. Learn More&#8230; Portfolio Management Manage your entire cryptocurrency portfolio effortlessly with user-friendly tools designed for seamless tracking, monitoring, and control \u2014 all in one convenient platform. Learn More&#8230; Token Launchpad Launch your cryptocurrency [&hellip;]<\/p>","protected":false},"author":2,"featured_media":0,"parent":0,"menu_order":0,"comment_status":"closed","ping_status":"closed","template":"elementor_header_footer","meta":{"footnotes":""},"class_list":["post-52","page","type-page","status-publish","hentry"],"_links":{"self":[{"href":"https:\/\/monivexpro.com\/pl\/wp-json\/wp\/v2\/pages\/52","targetHints":{"allow":["GET"]}}],"collection":[{"href":"https:\/\/monivexpro.com\/pl\/wp-json\/wp\/v2\/pages"}],"about":[{"href":"https:\/\/monivexpro.com\/pl\/wp-json\/wp\/v2\/types\/page"}],"author":[{"embeddable":true,"href":"https:\/\/monivexpro.com\/pl\/wp-json\/wp\/v2\/users\/2"}],"replies":[{"embeddable":true,"href":"https:\/\/monivexpro.com\/pl\/wp-json\/wp\/v2\/comments?post=52"}],"version-history":[{"count":10,"href":"https:\/\/monivexpro.com\/pl\/wp-json\/wp\/v2\/pages\/52\/revisions"}],"predecessor-version":[{"id":401,"href":"https:\/\/monivexpro.com\/pl\/wp-json\/wp\/v2\/pages\/52\/revisions\/401"}],"wp:attachment":[{"href":"https:\/\/monivexpro.com\/pl\/wp-json\/wp\/v2\/media?parent=52"}],"curies":[{"name":"wp","href":"https:\/\/api.w.org\/{rel}","templated":true}]}}